{"id":3127,"date":"2021-09-28T23:42:44","date_gmt":"2021-09-28T21:42:44","guid":{"rendered":"http:\/\/www.eleavocat.eu\/?page_id=3127"},"modified":"2025-09-09T17:04:46","modified_gmt":"2025-09-09T15:04:46","slug":"droit-de-lemploi-et-du-travail-dans-lue-3","status":"publish","type":"page","link":"https:\/\/www.eleavocat.eu\/en\/droit-de-lemploi-et-du-travail-dans-lue-3\/","title":{"rendered":"Employment and labour law in the EU"},"content":{"rendered":"<div data-elementor-type=\"wp-page\" data-elementor-id=\"3127\" class=\"elementor elementor-3127\">\n\t\t\t\t\t\t<section class=\"elementor-section elementor-top-section elementor-element elementor-element-6d49d76 elementor-section-boxed elementor-section-height-default elementor-section-height-default\" data-id=\"6d49d76\" data-element_type=\"section\" data-e-type=\"section\">\n\t\t\t\t\t\t<div class=\"elementor-container elementor-column-gap-default\">\n\t\t\t\t\t<div class=\"elementor-column elementor-col-100 elementor-top-column elementor-element elementor-element-834a253\" data-id=\"834a253\" data-element_type=\"column\" data-e-type=\"column\">\n\t\t\t<div class=\"elementor-widget-wrap elementor-element-populated\">\n\t\t\t\t\t\t<div class=\"elementor-element elementor-element-b837d2a elementor-widget elementor-widget-text-editor\" data-id=\"b837d2a\" data-element_type=\"widget\" data-e-type=\"widget\" data-widget_type=\"text-editor.default\">\n\t\t\t\t<div class=\"elementor-widget-container\">\n\t\t\t\t\t\t\t\t\t<p style=\"text-align: center; text-indent: -18.0pt; mso-list: l0 level1 lfo1;\" align=\"center\"><span style=\"font-size: 12.0pt; line-height: 107%; font-family: 'Times New Roman',serif; mso-fareast-font-family: 'Times New Roman';\"><img fetchpriority=\"high\" decoding=\"async\" class=\"alignnone size-medium wp-image-2788\" src=\"http:\/\/www.eleavocat.eu\/wp-content\/uploads\/2020\/01\/Image1-300x190.png\" alt=\"\" width=\"300\" height=\"190\" srcset=\"https:\/\/www.eleavocat.eu\/wp-content\/uploads\/2020\/01\/Image1-300x190.png 300w, https:\/\/www.eleavocat.eu\/wp-content\/uploads\/2020\/01\/Image1-768x488.png 768w, https:\/\/www.eleavocat.eu\/wp-content\/uploads\/2020\/01\/Image1.png 945w\" sizes=\"(max-width: 300px) 100vw, 300px\" \/><\/span><\/p><p style=\"text-align: center; text-indent: -18.0pt; mso-list: l0 level1 lfo1;\" align=\"center\"><span style=\"font-size: 12.0pt; line-height: 107%; font-family: 'Times New Roman',serif;\">- Recognition of diplomas or professional qualifications<\/span><\/p><p style=\"text-align: center; text-indent: -18.0pt; mso-list: l0 level1 lfo1;\" align=\"center\"><span style=\"font-size: 12.0pt; line-height: 107%; font-family: 'Times New Roman',serif;\">- Litigation on work contract abroad<\/span><\/p><p style=\"text-align: center; text-indent: -18.0pt; mso-list: l0 level1 lfo1;\" align=\"center\"><span style=\"font-family: 'Times New Roman', serif; font-size: 12pt; text-indent: -18pt; color: var( --e-global-color-text ); font-weight: var( --e-global-typography-text-font-weight );\">- Posted workers\u00a0<\/span><\/p>\t\t\t\t\t\t\t\t<\/div>\n\t\t\t\t<\/div>\n\t\t\t\t\t<\/div>\n\t\t<\/div>\n\t\t\t\t\t<\/div>\n\t\t<\/section>\n\t\t\t\t<\/div>","protected":false},"excerpt":{"rendered":"<p>&#8211; Contrats de travail \u00e0 l\u2019\u00e9tranger &#8211; Etrangers ayant un contrat de travail en France &#8211; Travailleurs d\u00e9tach\u00e9s\u00a0<\/p>","protected":false},"author":1,"featured_media":3170,"parent":0,"menu_order":0,"comment_status":"closed","ping_status":"closed","template":"","meta":{"footnotes":""},"class_list":["post-3127","page","type-page","status-publish","has-post-thumbnail","hentry"],"yoast_head":"<!-- This site is optimized with the Yoast SEO plugin v27.4 - https:\/\/yoast.com\/product\/yoast-seo-wordpress\/ -->\n<title>Droit de l&#039;emploi et du travail dans l&#039;UE - ELEA AVOCAT<\/title>\n<meta name=\"description\" content=\"Droit de l&#039;emploi et du travail dans l&#039;UE. Contrats de travail, \u00e9trangers ayant un contrat de travail en France, travailleurs d\u00e9tach\u00e9s.\" \/>\n<meta name=\"robots\" content=\"index, follow, max-snippet:-1, max-image-preview:large, max-video-preview:-1\" \/>\n<link rel=\"canonical\" href=\"https:\/\/www.eleavocat.eu\/en\/droit-de-lemploi-et-du-travail-dans-lue-3\/\" \/>\n<meta property=\"og:locale\" content=\"en_GB\" \/>\n<meta property=\"og:type\" content=\"article\" \/>\n<meta property=\"og:title\" content=\"Droit de l&#039;emploi et du travail dans l&#039;UE - ELEA AVOCAT\" \/>\n<meta property=\"og:description\" content=\"Droit de l&#039;emploi et du travail dans l&#039;UE. Contrats de travail, \u00e9trangers ayant un contrat de travail en France, travailleurs d\u00e9tach\u00e9s.\" \/>\n<meta property=\"og:url\" content=\"https:\/\/www.eleavocat.eu\/en\/droit-de-lemploi-et-du-travail-dans-lue-3\/\" \/>\n<meta property=\"og:site_name\" content=\"ELEA AVOCAT\" \/>\n<meta property=\"article:publisher\" content=\"https:\/\/www.facebook.com\/elea.avocat\/\" \/>\n<meta property=\"article:modified_time\" content=\"2025-09-09T15:04:46+00:00\" \/>\n<meta property=\"og:image\" content=\"https:\/\/www.eleavocat.eu\/wp-content\/uploads\/2021\/09\/termination-110301_1920.jpg\" \/>\n\t<meta property=\"og:image:width\" content=\"1920\" \/>\n\t<meta property=\"og:image:height\" content=\"1357\" \/>\n\t<meta property=\"og:image:type\" content=\"image\/jpeg\" \/>\n<meta name=\"twitter:card\" content=\"summary_large_image\" \/>\n<meta name=\"twitter:label1\" content=\"Estimated reading time\" \/>\n\t<meta name=\"twitter:data1\" content=\"1 minute\" \/>\n<script type=\"application\/ld+json\" class=\"yoast-schema-graph\">{\"@context\":\"https:\\\/\\\/schema.org\",\"@graph\":[{\"@type\":\"WebPage\",\"@id\":\"https:\\\/\\\/www.eleavocat.eu\\\/droit-de-lemploi-et-du-travail-dans-lue-3\\\/\",\"url\":\"https:\\\/\\\/www.eleavocat.eu\\\/droit-de-lemploi-et-du-travail-dans-lue-3\\\/\",\"name\":\"Droit de l'emploi et du travail dans l'UE - ELEA AVOCAT\",\"isPartOf\":{\"@id\":\"https:\\\/\\\/www.eleavocat.eu\\\/#website\"},\"primaryImageOfPage\":{\"@id\":\"https:\\\/\\\/www.eleavocat.eu\\\/droit-de-lemploi-et-du-travail-dans-lue-3\\\/#primaryimage\"},\"image\":{\"@id\":\"https:\\\/\\\/www.eleavocat.eu\\\/droit-de-lemploi-et-du-travail-dans-lue-3\\\/#primaryimage\"},\"thumbnailUrl\":\"https:\\\/\\\/www.eleavocat.eu\\\/wp-content\\\/uploads\\\/2021\\\/09\\\/termination-110301_1920.jpg\",\"datePublished\":\"2021-09-28T21:42:44+00:00\",\"dateModified\":\"2025-09-09T15:04:46+00:00\",\"description\":\"Droit de l'emploi et du travail dans l'UE. Contrats de travail, \u00e9trangers ayant un contrat de travail en France, travailleurs d\u00e9tach\u00e9s.\",\"breadcrumb\":{\"@id\":\"https:\\\/\\\/www.eleavocat.eu\\\/droit-de-lemploi-et-du-travail-dans-lue-3\\\/#breadcrumb\"},\"inLanguage\":\"en-GB\",\"potentialAction\":[{\"@type\":\"ReadAction\",\"target\":[\"https:\\\/\\\/www.eleavocat.eu\\\/droit-de-lemploi-et-du-travail-dans-lue-3\\\/\"]}]},{\"@type\":\"ImageObject\",\"inLanguage\":\"en-GB\",\"@id\":\"https:\\\/\\\/www.eleavocat.eu\\\/droit-de-lemploi-et-du-travail-dans-lue-3\\\/#primaryimage\",\"url\":\"https:\\\/\\\/www.eleavocat.eu\\\/wp-content\\\/uploads\\\/2021\\\/09\\\/termination-110301_1920.jpg\",\"contentUrl\":\"https:\\\/\\\/www.eleavocat.eu\\\/wp-content\\\/uploads\\\/2021\\\/09\\\/termination-110301_1920.jpg\",\"width\":1920,\"height\":1357,\"caption\":\"Droit de l'emploi et du travail dans l'UE\"},{\"@type\":\"BreadcrumbList\",\"@id\":\"https:\\\/\\\/www.eleavocat.eu\\\/droit-de-lemploi-et-du-travail-dans-lue-3\\\/#breadcrumb\",\"itemListElement\":[{\"@type\":\"ListItem\",\"position\":1,\"name\":\"Accueil\",\"item\":\"https:\\\/\\\/www.eleavocat.eu\\\/\"},{\"@type\":\"ListItem\",\"position\":2,\"name\":\"Droit de l&#8217;emploi et du travail dans l&rsquo;UE\"}]},{\"@type\":\"WebSite\",\"@id\":\"https:\\\/\\\/www.eleavocat.eu\\\/#website\",\"url\":\"https:\\\/\\\/www.eleavocat.eu\\\/\",\"name\":\"Elea Avocat\",\"description\":\"European Legal Experts all over the world\",\"publisher\":{\"@id\":\"https:\\\/\\\/www.eleavocat.eu\\\/#organization\"},\"potentialAction\":[{\"@type\":\"SearchAction\",\"target\":{\"@type\":\"EntryPoint\",\"urlTemplate\":\"https:\\\/\\\/www.eleavocat.eu\\\/?s={search_term_string}\"},\"query-input\":{\"@type\":\"PropertyValueSpecification\",\"valueRequired\":true,\"valueName\":\"search_term_string\"}}],\"inLanguage\":\"en-GB\"},{\"@type\":\"Organization\",\"@id\":\"https:\\\/\\\/www.eleavocat.eu\\\/#organization\",\"name\":\"Elea Avocat\",\"url\":\"https:\\\/\\\/www.eleavocat.eu\\\/\",\"logo\":{\"@type\":\"ImageObject\",\"inLanguage\":\"en-GB\",\"@id\":\"https:\\\/\\\/www.eleavocat.eu\\\/#\\\/schema\\\/logo\\\/image\\\/\",\"url\":\"https:\\\/\\\/www.eleavocat.eu\\\/wp-content\\\/uploads\\\/2023\\\/09\\\/cropped-ELEA-Logo-2021-260.jpg\",\"contentUrl\":\"https:\\\/\\\/www.eleavocat.eu\\\/wp-content\\\/uploads\\\/2023\\\/09\\\/cropped-ELEA-Logo-2021-260.jpg\",\"width\":260,\"height\":260,\"caption\":\"Elea Avocat\"},\"image\":{\"@id\":\"https:\\\/\\\/www.eleavocat.eu\\\/#\\\/schema\\\/logo\\\/image\\\/\"},\"sameAs\":[\"https:\\\/\\\/www.facebook.com\\\/elea.avocat\\\/\"]}]}<\/script>\n<!-- \/ Yoast SEO plugin. -->","yoast_head_json":{"title":"Droit de l'emploi et du travail dans l'UE - ELEA AVOCAT","description":"Droit de l'emploi et du travail dans l'UE. Contrats de travail, \u00e9trangers ayant un contrat de travail en France, travailleurs d\u00e9tach\u00e9s.","robots":{"index":"index","follow":"follow","max-snippet":"max-snippet:-1","max-image-preview":"max-image-preview:large","max-video-preview":"max-video-preview:-1"},"canonical":"https:\/\/www.eleavocat.eu\/en\/droit-de-lemploi-et-du-travail-dans-lue-3\/","og_locale":"en_GB","og_type":"article","og_title":"Droit de l'emploi et du travail dans l'UE - ELEA AVOCAT","og_description":"Droit de l'emploi et du travail dans l'UE. Contrats de travail, \u00e9trangers ayant un contrat de travail en France, travailleurs d\u00e9tach\u00e9s.","og_url":"https:\/\/www.eleavocat.eu\/en\/droit-de-lemploi-et-du-travail-dans-lue-3\/","og_site_name":"ELEA AVOCAT","article_publisher":"https:\/\/www.facebook.com\/elea.avocat\/","article_modified_time":"2025-09-09T15:04:46+00:00","og_image":[{"width":1920,"height":1357,"url":"https:\/\/www.eleavocat.eu\/wp-content\/uploads\/2021\/09\/termination-110301_1920.jpg","type":"image\/jpeg"}],"twitter_card":"summary_large_image","twitter_misc":{"Estimated reading time":"1 minute"},"schema":{"@context":"https:\/\/schema.org","@graph":[{"@type":"WebPage","@id":"https:\/\/www.eleavocat.eu\/droit-de-lemploi-et-du-travail-dans-lue-3\/","url":"https:\/\/www.eleavocat.eu\/droit-de-lemploi-et-du-travail-dans-lue-3\/","name":"Droit de l'emploi et du travail dans l'UE - ELEA AVOCAT","isPartOf":{"@id":"https:\/\/www.eleavocat.eu\/#website"},"primaryImageOfPage":{"@id":"https:\/\/www.eleavocat.eu\/droit-de-lemploi-et-du-travail-dans-lue-3\/#primaryimage"},"image":{"@id":"https:\/\/www.eleavocat.eu\/droit-de-lemploi-et-du-travail-dans-lue-3\/#primaryimage"},"thumbnailUrl":"https:\/\/www.eleavocat.eu\/wp-content\/uploads\/2021\/09\/termination-110301_1920.jpg","datePublished":"2021-09-28T21:42:44+00:00","dateModified":"2025-09-09T15:04:46+00:00","description":"Droit de l'emploi et du travail dans l'UE. Contrats de travail, \u00e9trangers ayant un contrat de travail en France, travailleurs d\u00e9tach\u00e9s.","breadcrumb":{"@id":"https:\/\/www.eleavocat.eu\/droit-de-lemploi-et-du-travail-dans-lue-3\/#breadcrumb"},"inLanguage":"en-GB","potentialAction":[{"@type":"ReadAction","target":["https:\/\/www.eleavocat.eu\/droit-de-lemploi-et-du-travail-dans-lue-3\/"]}]},{"@type":"ImageObject","inLanguage":"en-GB","@id":"https:\/\/www.eleavocat.eu\/droit-de-lemploi-et-du-travail-dans-lue-3\/#primaryimage","url":"https:\/\/www.eleavocat.eu\/wp-content\/uploads\/2021\/09\/termination-110301_1920.jpg","contentUrl":"https:\/\/www.eleavocat.eu\/wp-content\/uploads\/2021\/09\/termination-110301_1920.jpg","width":1920,"height":1357,"caption":"Droit de l'emploi et du travail dans l'UE"},{"@type":"BreadcrumbList","@id":"https:\/\/www.eleavocat.eu\/droit-de-lemploi-et-du-travail-dans-lue-3\/#breadcrumb","itemListElement":[{"@type":"ListItem","position":1,"name":"Accueil","item":"https:\/\/www.eleavocat.eu\/"},{"@type":"ListItem","position":2,"name":"Droit de l&#8217;emploi et du travail dans l&rsquo;UE"}]},{"@type":"WebSite","@id":"https:\/\/www.eleavocat.eu\/#website","url":"https:\/\/www.eleavocat.eu\/","name":"Elea Avocat","description":"European Legal Experts all over the world","publisher":{"@id":"https:\/\/www.eleavocat.eu\/#organization"},"potentialAction":[{"@type":"SearchAction","target":{"@type":"EntryPoint","urlTemplate":"https:\/\/www.eleavocat.eu\/?s={search_term_string}"},"query-input":{"@type":"PropertyValueSpecification","valueRequired":true,"valueName":"search_term_string"}}],"inLanguage":"en-GB"},{"@type":"Organization","@id":"https:\/\/www.eleavocat.eu\/#organization","name":"Elea Avocat","url":"https:\/\/www.eleavocat.eu\/","logo":{"@type":"ImageObject","inLanguage":"en-GB","@id":"https:\/\/www.eleavocat.eu\/#\/schema\/logo\/image\/","url":"https:\/\/www.eleavocat.eu\/wp-content\/uploads\/2023\/09\/cropped-ELEA-Logo-2021-260.jpg","contentUrl":"https:\/\/www.eleavocat.eu\/wp-content\/uploads\/2023\/09\/cropped-ELEA-Logo-2021-260.jpg","width":260,"height":260,"caption":"Elea Avocat"},"image":{"@id":"https:\/\/www.eleavocat.eu\/#\/schema\/logo\/image\/"},"sameAs":["https:\/\/www.facebook.com\/elea.avocat\/"]}]}},"_links":{"self":[{"href":"https:\/\/www.eleavocat.eu\/en\/wp-json\/wp\/v2\/pages\/3127","targetHints":{"allow":["GET"]}}],"collection":[{"href":"https:\/\/www.eleavocat.eu\/en\/wp-json\/wp\/v2\/pages"}],"about":[{"href":"https:\/\/www.eleavocat.eu\/en\/wp-json\/wp\/v2\/types\/page"}],"author":[{"embeddable":true,"href":"https:\/\/www.eleavocat.eu\/en\/wp-json\/wp\/v2\/users\/1"}],"replies":[{"embeddable":true,"href":"https:\/\/www.eleavocat.eu\/en\/wp-json\/wp\/v2\/comments?post=3127"}],"version-history":[{"count":0,"href":"https:\/\/www.eleavocat.eu\/en\/wp-json\/wp\/v2\/pages\/3127\/revisions"}],"wp:featuredmedia":[{"embeddable":true,"href":"https:\/\/www.eleavocat.eu\/en\/wp-json\/wp\/v2\/media\/3170"}],"wp:attachment":[{"href":"https:\/\/www.eleavocat.eu\/en\/wp-json\/wp\/v2\/media?parent=3127"}],"curies":[{"name":"wp","href":"https:\/\/api.w.org\/{rel}","templated":true}]}}