{"id":3113,"date":"2021-09-28T23:08:02","date_gmt":"2021-09-28T21:08:02","guid":{"rendered":"http:\/\/www.eleavocat.eu\/?page_id=3113"},"modified":"2025-09-09T17:23:12","modified_gmt":"2025-09-09T15:23:12","slug":"droit-europeen-de-lenvironnement-2","status":"publish","type":"page","link":"https:\/\/www.eleavocat.eu\/en\/droit-europeen-de-lenvironnement-2\/","title":{"rendered":"European funding"},"content":{"rendered":"<div data-elementor-type=\"wp-page\" data-elementor-id=\"3113\" class=\"elementor elementor-3113\">\n\t\t\t\t\t\t<section class=\"elementor-section elementor-top-section elementor-element elementor-element-0c27471 elementor-section-boxed elementor-section-height-default elementor-section-height-default\" data-id=\"0c27471\" data-element_type=\"section\" data-e-type=\"section\">\n\t\t\t\t\t\t<div class=\"elementor-container elementor-column-gap-default\">\n\t\t\t\t\t<div class=\"elementor-column elementor-col-100 elementor-top-column elementor-element elementor-element-65d65c0\" data-id=\"65d65c0\" data-element_type=\"column\" data-e-type=\"column\">\n\t\t\t<div class=\"elementor-widget-wrap elementor-element-populated\">\n\t\t\t\t\t\t<div class=\"elementor-element elementor-element-c2edf95 elementor-widget elementor-widget-text-editor\" data-id=\"c2edf95\" data-element_type=\"widget\" data-e-type=\"widget\" data-widget_type=\"text-editor.default\">\n\t\t\t\t<div class=\"elementor-widget-container\">\n\t\t\t\t\t\t\t\t\t<p><br>&nbsp;<\/p>\n<p>ELEA Avocat advises and represents public and private entities in obtaining and managing European funding. Project promoters and beneficiaries of European funds must meet the conditions and deadlines set by the European Commission.&nbsp;&nbsp;<\/p>\n<p>If these rules are breached, the European Commission can suspend or withdraw the funds. Legal action may be taken before the Court of Justice of the European Union.&nbsp;<\/p>\n<table style=\"border: initial none initial;\" border=\"1\" cellspacing=\"0\" cellpadding=\"0\">\n<tbody>\n<tr>\n<td style=\"width: 151pt; border-width: 1pt; border-color: windowtext; padding: 0cm 5.4pt;\" valign=\"top\" width=\"201\">\n<p style=\"margin-bottom: .0001pt; text-align: center; line-height: normal;\" align=\"center\"><b><span style=\"font-size: 12.0pt; font-family: 'Times New Roman',serif;\">Advice on obtaining European funds<\/span><\/b><\/p>\n<\/td>\n<td style=\"width: 151.05pt; border-top-width: 1pt; border-right-width: 1pt; border-bottom-width: 1pt; border-top-color: windowtext; border-right-color: windowtext; border-bottom-color: windowtext; border-left: none; padding: 0cm 5.4pt;\" valign=\"top\" width=\"201\">\n<p style=\"margin-bottom: .0001pt; text-align: center; line-height: normal;\" align=\"center\"><b><span style=\"font-size: 12.0pt; font-family: 'Times New Roman',serif;\">Management of European funds<\/span><\/b><\/p>\n<p style=\"margin-bottom: .0001pt; text-align: center; line-height: normal;\" align=\"center\"><b><span style=\"font-size: 12.0pt; font-family: 'Times New Roman',serif;\">&nbsp;<\/span><\/b><\/p>\n<\/td>\n<td style=\"width: 151.05pt; border-top-width: 1pt; border-right-width: 1pt; border-bottom-width: 1pt; border-top-color: windowtext; border-right-color: windowtext; border-bottom-color: windowtext; border-left: none; padding: 0cm 5.4pt;\" valign=\"top\" width=\"201\">\n<p style=\"margin-bottom: .0001pt; text-align: center; line-height: normal;\" align=\"center\"><b><span style=\"font-size: 12.0pt; font-family: 'Times New Roman',serif;\">European funds litigation<\/span><\/b><\/p>\n<p style=\"margin-bottom: .0001pt; text-align: center; line-height: normal;\" align=\"center\"><b><span style=\"font-size: 12.0pt; font-family: 'Times New Roman',serif;\">&nbsp;<\/span><\/b><\/p>\n<\/td>\n<\/tr>\n<tr>\n<td style=\"width: 151pt; border-right-width: 1pt; border-bottom-width: 1pt; border-left-width: 1pt; border-right-color: windowtext; border-bottom-color: windowtext; border-left-color: windowtext; border-top: none; padding: 0cm 5.4pt;\" valign=\"top\" width=\"201\">\n<p style=\"margin-bottom: .0001pt; text-align: center; line-height: normal;\" align=\"center\"><b><span style=\"font-size: 12.0pt; font-family: 'Times New Roman',serif;\">&nbsp;<\/span><\/b><\/p>\n<p style=\"margin-bottom: .0001pt; text-align: center; line-height: normal;\" align=\"center\"><b><span style=\"font-size: 12.0pt; font-family: 'Times New Roman',serif;\">&nbsp;<\/span><\/b><\/p>\n<p style=\"margin-bottom: .0001pt; text-align: center; line-height: normal;\" align=\"center\"><b><span style=\"font-size: 12.0pt; font-family: 'Times New Roman',serif;\">&nbsp;<\/span><\/b><\/p>\n<p style=\"margin-bottom: .0001pt; text-align: center; line-height: normal;\" align=\"center\"><span style=\"font-size: 12.0pt; font-family: 'Times New Roman',serif;\">Applying to EU funds<\/span><\/p>\n<p style=\"margin-bottom: .0001pt; text-align: center; line-height: normal;\" align=\"center\"><span style=\"font-size: 12.0pt; font-family: 'Times New Roman',serif;\">&nbsp;<\/span><\/p>\n<p style=\"margin-bottom: .0001pt; text-align: center; line-height: normal;\" align=\"center\"><span style=\"font-size: 12.0pt; font-family: 'Times New Roman',serif;\">Different categories of EU funds<b><\/b><\/span><\/p>\n<\/td>\n<td style=\"width: 151.05pt; border-top: none; border-left: none; border-bottom-width: 1pt; border-bottom-color: windowtext; border-right-width: 1pt; border-right-color: windowtext; padding: 0cm 5.4pt;\" valign=\"top\" width=\"201\">\n<p style=\"margin-bottom: .0001pt; text-align: center; line-height: normal;\" align=\"center\"><b><span style=\"font-size: 12.0pt; font-family: 'Times New Roman',serif;\">&nbsp;<\/span><\/b><\/p>\n<p style=\"margin-bottom: .0001pt; mso-add-space: auto; text-align: center; text-indent: -18.0pt; line-height: normal; mso-list: l0 level1 lfo1;\" align=\"center\"><span style=\"font-size: 12.0pt; font-family: 'Times New Roman',serif;\">European Regional Development Fund (FEDER)<\/span><\/p>\n<p style=\"margin-bottom: .0001pt; mso-add-space: auto; text-align: center; text-indent: -18.0pt; line-height: normal; mso-list: l0 level1 lfo1;\" align=\"center\"><span style=\"font-size: 12.0pt; font-family: 'Times New Roman',serif;\">&nbsp;<\/span><\/p>\n<p style=\"margin-bottom: .0001pt; mso-add-space: auto; text-align: center; text-indent: -18.0pt; line-height: normal; mso-list: l0 level1 lfo1;\" align=\"center\"><span style=\"background-color: transparent; color: var( --e-global-color-text ); font-family: 'Times New Roman', serif; font-size: 12pt; font-weight: var( --e-global-typography-text-font-weight ); text-indent: -18pt;\">European Social Fund<\/span><\/p>\n<p style=\"margin-bottom: .0001pt; mso-add-space: auto; text-align: center; text-indent: -18.0pt; line-height: normal; mso-list: l0 level1 lfo1;\" align=\"center\"><span style=\"font-size: 12.0pt; font-family: 'Times New Roman',serif;\">&nbsp;<\/span><\/p>\n<p style=\"margin-bottom: .0001pt; mso-add-space: auto; text-align: center; text-indent: -18.0pt; line-height: normal; mso-list: l0 level1 lfo1;\" align=\"center\"><span style=\"font-size: 12.0pt; font-family: 'Times New Roman',serif;\">Cohesion Fund<\/span><\/p>\n<p style=\"margin-bottom: .0001pt; mso-add-space: auto; text-align: center; text-indent: -18.0pt; line-height: normal; mso-list: l0 level1 lfo1;\" align=\"center\"><span style=\"font-size: 12.0pt; font-family: 'Times New Roman',serif;\">&nbsp;<\/span><\/p>\n<p style=\"margin-bottom: .0001pt; mso-add-space: auto; text-align: center; text-indent: -18.0pt; line-height: normal; mso-list: l0 level1 lfo1;\" align=\"center\"><span style=\"font-size: 12.0pt; font-family: 'Times New Roman',serif;\">European Agricultural Fund&nbsp;<\/span><\/p>\n<p style=\"margin-bottom: .0001pt; mso-add-space: auto; text-align: center; text-indent: -18.0pt; line-height: normal; mso-list: l0 level1 lfo1;\" align=\"center\"><span style=\"font-size: 12.0pt; font-family: 'Times New Roman',serif;\">for Rural Development&nbsp;<\/span><\/p>\n<p style=\"margin-bottom: .0001pt; mso-add-space: auto; text-align: center; text-indent: -18.0pt; line-height: normal; mso-list: l0 level1 lfo1;\" align=\"center\"><span style=\"font-size: 12.0pt; font-family: 'Times New Roman',serif;\">(FEADER)<\/span><\/p>\n<p style=\"margin-bottom: .0001pt; mso-add-space: auto; text-align: center; text-indent: -18.0pt; line-height: normal; mso-list: l0 level1 lfo1;\" align=\"center\"><span style=\"font-size: 12.0pt; font-family: 'Times New Roman',serif;\">&nbsp;<\/span><\/p>\n<p style=\"margin-bottom: .0001pt; mso-add-space: auto; text-align: center; text-indent: -18.0pt; line-height: normal; mso-list: l0 level1 lfo1;\" align=\"center\"><span style=\"font-size: 12.0pt; font-family: 'Times New Roman',serif;\">European Fund&nbsp;<\/span><\/p>\n<p style=\"margin-bottom: .0001pt; mso-add-space: auto; text-align: center; text-indent: -18.0pt; line-height: normal; mso-list: l0 level1 lfo1;\" align=\"center\"><span style=\"font-family: 'Times New Roman', serif; font-size: 12pt; text-indent: -18pt; background-color: transparent; color: var( --e-global-color-text ); font-weight: var( --e-global-typography-text-font-weight );\">for&nbsp;<\/span><span style=\"background-color: transparent; color: var( --e-global-color-text ); font-family: 'Times New Roman', serif; font-size: 12pt; font-weight: var( --e-global-typography-text-font-weight ); text-indent: -18pt;\">Maritime Affairs&nbsp;<\/span><\/p>\n<p style=\"margin-bottom: .0001pt; mso-add-space: auto; text-align: center; text-indent: -18.0pt; line-height: normal; mso-list: l0 level1 lfo1;\" align=\"center\"><span style=\"background-color: transparent; color: var( --e-global-color-text ); font-family: 'Times New Roman', serif; font-size: 12pt; font-weight: var( --e-global-typography-text-font-weight ); text-indent: -18pt;\">and Fisheries (FEAMP)<\/span><\/p>\n<p style=\"margin-bottom: .0001pt; text-align: center; line-height: normal;\" align=\"center\"><b><span style=\"font-size: 12.0pt; font-family: 'Times New Roman',serif;\">&nbsp;<\/span><\/b><\/p>\n<\/td>\n<td style=\"width: 151.05pt; border-top: none; border-left: none; border-bottom-width: 1pt; border-bottom-color: windowtext; border-right-width: 1pt; border-right-color: windowtext; padding: 0cm 5.4pt;\" valign=\"top\" width=\"201\">\n<p style=\"margin-bottom: .0001pt; text-align: center; line-height: normal;\" align=\"center\"><b><span style=\"font-size: 12.0pt; font-family: 'Times New Roman',serif;\">&nbsp;<\/span><\/b><\/p>\n<p style=\"margin-bottom: .0001pt; text-align: center; line-height: normal;\" align=\"center\"><span style=\"font-size: 12.0pt; font-family: 'Times New Roman',serif;\">&nbsp;<\/span><\/p>\n<p style=\"margin-bottom: .0001pt; text-align: center; line-height: normal;\" align=\"center\"><span style=\"font-size: 12.0pt; font-family: 'Times New Roman',serif;\">Relations with the regional authorities<\/span><\/p>\n<p style=\"margin-bottom: .0001pt; text-align: center; line-height: normal;\" align=\"center\"><span style=\"font-size: 12.0pt; font-family: 'Times New Roman',serif;\">&nbsp;<\/span><\/p>\n<p style=\"margin-bottom: .0001pt; text-align: center; line-height: normal;\" align=\"center\"><span style=\"font-size: 12.0pt; font-family: 'Times New Roman',serif;\">Relations with the European Commission<\/span><\/p>\n<p style=\"margin-bottom: .0001pt; text-align: center; line-height: normal;\" align=\"center\"><span style=\"font-size: 12.0pt; font-family: 'Times New Roman',serif;\">&nbsp;<\/span><\/p>\n<p style=\"margin-bottom: .0001pt; text-align: center; line-height: normal;\" align=\"center\"><span style=\"font-size: 12.0pt; font-family: 'Times New Roman',serif;\">Action to the Court of justice of the European Union<\/span><\/p>\n<p style=\"margin-bottom: .0001pt; text-align: center; line-height: normal;\" align=\"center\"><span style=\"font-size: 12.0pt; font-family: 'Times New Roman',serif;\">&nbsp;<\/span><\/p>\n<p style=\"margin-bottom: .0001pt; text-align: center; line-height: normal;\" align=\"center\"><span style=\"font-size: 12.0pt; font-family: 'Times New Roman',serif;\">National proceedings<b><\/b><\/span><\/p>\n<\/td>\n<\/tr>\n<\/tbody>\n<\/table>\t\t\t\t\t\t\t\t<\/div>\n\t\t\t\t<\/div>\n\t\t\t\t\t<\/div>\n\t\t<\/div>\n\t\t\t\t\t<\/div>\n\t\t<\/section>\n\t\t\t\t<\/div>","protected":false},"excerpt":{"rendered":"<p>&nbsp; ELEA Avocat conseille et repr\u00e9sente les personnes morales publiques ou priv\u00e9es pour l&rsquo;obtention et la gestion de financements europ\u00e9ens. Les porteurs de projets et les b\u00e9n\u00e9ficiaires de fonds europ\u00e9ens &#8230;<\/p>","protected":false},"author":1,"featured_media":3652,"parent":0,"menu_order":0,"comment_status":"closed","ping_status":"closed","template":"","meta":{"footnotes":""},"class_list":["post-3113","page","type-page","status-publish","has-post-thumbnail","hentry"],"yoast_head":"<!-- This site is optimized with the Yoast SEO plugin v27.4 - https:\/\/yoast.com\/product\/yoast-seo-wordpress\/ -->\n<title>Financements europ\u00e9ens - ELEA AVOCAT<\/title>\n<meta name=\"description\" content=\"Financements europ\u00e9ens. ELEA Avocat conseille et vous repr\u00e9sente pour l\u2019obtention et la gestion de financements europ\u00e9ens.\" \/>\n<meta name=\"robots\" content=\"index, follow, max-snippet:-1, max-image-preview:large, max-video-preview:-1\" \/>\n<link rel=\"canonical\" href=\"https:\/\/www.eleavocat.eu\/en\/droit-europeen-de-lenvironnement-2\/\" \/>\n<meta property=\"og:locale\" content=\"en_GB\" \/>\n<meta property=\"og:type\" content=\"article\" \/>\n<meta property=\"og:title\" content=\"Financements europ\u00e9ens - ELEA AVOCAT\" \/>\n<meta property=\"og:description\" content=\"Financements europ\u00e9ens. ELEA Avocat conseille et vous repr\u00e9sente pour l\u2019obtention et la gestion de financements europ\u00e9ens.\" \/>\n<meta property=\"og:url\" content=\"https:\/\/www.eleavocat.eu\/en\/droit-europeen-de-lenvironnement-2\/\" \/>\n<meta property=\"og:site_name\" content=\"ELEA AVOCAT\" \/>\n<meta property=\"article:publisher\" content=\"https:\/\/www.facebook.com\/elea.avocat\/\" \/>\n<meta property=\"article:modified_time\" content=\"2025-09-09T15:23:12+00:00\" \/>\n<meta property=\"og:image\" content=\"https:\/\/www.eleavocat.eu\/wp-content\/uploads\/2025\/09\/financement-europeen.jpg\" \/>\n\t<meta property=\"og:image:width\" content=\"1280\" \/>\n\t<meta property=\"og:image:height\" content=\"853\" \/>\n\t<meta property=\"og:image:type\" content=\"image\/jpeg\" \/>\n<meta name=\"twitter:card\" content=\"summary_large_image\" \/>\n<meta name=\"twitter:label1\" content=\"Estimated reading time\" \/>\n\t<meta name=\"twitter:data1\" content=\"1 minute\" \/>\n<script type=\"application\/ld+json\" class=\"yoast-schema-graph\">{\"@context\":\"https:\\\/\\\/schema.org\",\"@graph\":[{\"@type\":\"WebPage\",\"@id\":\"https:\\\/\\\/www.eleavocat.eu\\\/droit-europeen-de-lenvironnement-2\\\/\",\"url\":\"https:\\\/\\\/www.eleavocat.eu\\\/droit-europeen-de-lenvironnement-2\\\/\",\"name\":\"Financements europ\u00e9ens - ELEA AVOCAT\",\"isPartOf\":{\"@id\":\"https:\\\/\\\/www.eleavocat.eu\\\/#website\"},\"primaryImageOfPage\":{\"@id\":\"https:\\\/\\\/www.eleavocat.eu\\\/droit-europeen-de-lenvironnement-2\\\/#primaryimage\"},\"image\":{\"@id\":\"https:\\\/\\\/www.eleavocat.eu\\\/droit-europeen-de-lenvironnement-2\\\/#primaryimage\"},\"thumbnailUrl\":\"https:\\\/\\\/www.eleavocat.eu\\\/wp-content\\\/uploads\\\/2025\\\/09\\\/financement-europeen.jpg\",\"datePublished\":\"2021-09-28T21:08:02+00:00\",\"dateModified\":\"2025-09-09T15:23:12+00:00\",\"description\":\"Financements europ\u00e9ens. ELEA Avocat conseille et vous repr\u00e9sente pour l\u2019obtention et la gestion de financements europ\u00e9ens.\",\"breadcrumb\":{\"@id\":\"https:\\\/\\\/www.eleavocat.eu\\\/droit-europeen-de-lenvironnement-2\\\/#breadcrumb\"},\"inLanguage\":\"en-GB\",\"potentialAction\":[{\"@type\":\"ReadAction\",\"target\":[\"https:\\\/\\\/www.eleavocat.eu\\\/droit-europeen-de-lenvironnement-2\\\/\"]}]},{\"@type\":\"ImageObject\",\"inLanguage\":\"en-GB\",\"@id\":\"https:\\\/\\\/www.eleavocat.eu\\\/droit-europeen-de-lenvironnement-2\\\/#primaryimage\",\"url\":\"https:\\\/\\\/www.eleavocat.eu\\\/wp-content\\\/uploads\\\/2025\\\/09\\\/financement-europeen.jpg\",\"contentUrl\":\"https:\\\/\\\/www.eleavocat.eu\\\/wp-content\\\/uploads\\\/2025\\\/09\\\/financement-europeen.jpg\",\"width\":1280,\"height\":853,\"caption\":\"Financement europ\u00e9en\"},{\"@type\":\"BreadcrumbList\",\"@id\":\"https:\\\/\\\/www.eleavocat.eu\\\/droit-europeen-de-lenvironnement-2\\\/#breadcrumb\",\"itemListElement\":[{\"@type\":\"ListItem\",\"position\":1,\"name\":\"Accueil\",\"item\":\"https:\\\/\\\/www.eleavocat.eu\\\/\"},{\"@type\":\"ListItem\",\"position\":2,\"name\":\"Financements europ\u00e9ens\"}]},{\"@type\":\"WebSite\",\"@id\":\"https:\\\/\\\/www.eleavocat.eu\\\/#website\",\"url\":\"https:\\\/\\\/www.eleavocat.eu\\\/\",\"name\":\"Elea Avocat\",\"description\":\"European Legal Experts all over the world\",\"publisher\":{\"@id\":\"https:\\\/\\\/www.eleavocat.eu\\\/#organization\"},\"potentialAction\":[{\"@type\":\"SearchAction\",\"target\":{\"@type\":\"EntryPoint\",\"urlTemplate\":\"https:\\\/\\\/www.eleavocat.eu\\\/?s={search_term_string}\"},\"query-input\":{\"@type\":\"PropertyValueSpecification\",\"valueRequired\":true,\"valueName\":\"search_term_string\"}}],\"inLanguage\":\"en-GB\"},{\"@type\":\"Organization\",\"@id\":\"https:\\\/\\\/www.eleavocat.eu\\\/#organization\",\"name\":\"Elea Avocat\",\"url\":\"https:\\\/\\\/www.eleavocat.eu\\\/\",\"logo\":{\"@type\":\"ImageObject\",\"inLanguage\":\"en-GB\",\"@id\":\"https:\\\/\\\/www.eleavocat.eu\\\/#\\\/schema\\\/logo\\\/image\\\/\",\"url\":\"https:\\\/\\\/www.eleavocat.eu\\\/wp-content\\\/uploads\\\/2023\\\/09\\\/cropped-ELEA-Logo-2021-260.jpg\",\"contentUrl\":\"https:\\\/\\\/www.eleavocat.eu\\\/wp-content\\\/uploads\\\/2023\\\/09\\\/cropped-ELEA-Logo-2021-260.jpg\",\"width\":260,\"height\":260,\"caption\":\"Elea Avocat\"},\"image\":{\"@id\":\"https:\\\/\\\/www.eleavocat.eu\\\/#\\\/schema\\\/logo\\\/image\\\/\"},\"sameAs\":[\"https:\\\/\\\/www.facebook.com\\\/elea.avocat\\\/\"]}]}<\/script>\n<!-- \/ Yoast SEO plugin. -->","yoast_head_json":{"title":"Financements europ\u00e9ens - ELEA AVOCAT","description":"Financements europ\u00e9ens. ELEA Avocat conseille et vous repr\u00e9sente pour l\u2019obtention et la gestion de financements europ\u00e9ens.","robots":{"index":"index","follow":"follow","max-snippet":"max-snippet:-1","max-image-preview":"max-image-preview:large","max-video-preview":"max-video-preview:-1"},"canonical":"https:\/\/www.eleavocat.eu\/en\/droit-europeen-de-lenvironnement-2\/","og_locale":"en_GB","og_type":"article","og_title":"Financements europ\u00e9ens - ELEA AVOCAT","og_description":"Financements europ\u00e9ens. ELEA Avocat conseille et vous repr\u00e9sente pour l\u2019obtention et la gestion de financements europ\u00e9ens.","og_url":"https:\/\/www.eleavocat.eu\/en\/droit-europeen-de-lenvironnement-2\/","og_site_name":"ELEA AVOCAT","article_publisher":"https:\/\/www.facebook.com\/elea.avocat\/","article_modified_time":"2025-09-09T15:23:12+00:00","og_image":[{"width":1280,"height":853,"url":"https:\/\/www.eleavocat.eu\/wp-content\/uploads\/2025\/09\/financement-europeen.jpg","type":"image\/jpeg"}],"twitter_card":"summary_large_image","twitter_misc":{"Estimated reading time":"1 minute"},"schema":{"@context":"https:\/\/schema.org","@graph":[{"@type":"WebPage","@id":"https:\/\/www.eleavocat.eu\/droit-europeen-de-lenvironnement-2\/","url":"https:\/\/www.eleavocat.eu\/droit-europeen-de-lenvironnement-2\/","name":"Financements europ\u00e9ens - ELEA AVOCAT","isPartOf":{"@id":"https:\/\/www.eleavocat.eu\/#website"},"primaryImageOfPage":{"@id":"https:\/\/www.eleavocat.eu\/droit-europeen-de-lenvironnement-2\/#primaryimage"},"image":{"@id":"https:\/\/www.eleavocat.eu\/droit-europeen-de-lenvironnement-2\/#primaryimage"},"thumbnailUrl":"https:\/\/www.eleavocat.eu\/wp-content\/uploads\/2025\/09\/financement-europeen.jpg","datePublished":"2021-09-28T21:08:02+00:00","dateModified":"2025-09-09T15:23:12+00:00","description":"Financements europ\u00e9ens. ELEA Avocat conseille et vous repr\u00e9sente pour l\u2019obtention et la gestion de financements europ\u00e9ens.","breadcrumb":{"@id":"https:\/\/www.eleavocat.eu\/droit-europeen-de-lenvironnement-2\/#breadcrumb"},"inLanguage":"en-GB","potentialAction":[{"@type":"ReadAction","target":["https:\/\/www.eleavocat.eu\/droit-europeen-de-lenvironnement-2\/"]}]},{"@type":"ImageObject","inLanguage":"en-GB","@id":"https:\/\/www.eleavocat.eu\/droit-europeen-de-lenvironnement-2\/#primaryimage","url":"https:\/\/www.eleavocat.eu\/wp-content\/uploads\/2025\/09\/financement-europeen.jpg","contentUrl":"https:\/\/www.eleavocat.eu\/wp-content\/uploads\/2025\/09\/financement-europeen.jpg","width":1280,"height":853,"caption":"Financement europ\u00e9en"},{"@type":"BreadcrumbList","@id":"https:\/\/www.eleavocat.eu\/droit-europeen-de-lenvironnement-2\/#breadcrumb","itemListElement":[{"@type":"ListItem","position":1,"name":"Accueil","item":"https:\/\/www.eleavocat.eu\/"},{"@type":"ListItem","position":2,"name":"Financements europ\u00e9ens"}]},{"@type":"WebSite","@id":"https:\/\/www.eleavocat.eu\/#website","url":"https:\/\/www.eleavocat.eu\/","name":"Elea Avocat","description":"European Legal Experts all over the world","publisher":{"@id":"https:\/\/www.eleavocat.eu\/#organization"},"potentialAction":[{"@type":"SearchAction","target":{"@type":"EntryPoint","urlTemplate":"https:\/\/www.eleavocat.eu\/?s={search_term_string}"},"query-input":{"@type":"PropertyValueSpecification","valueRequired":true,"valueName":"search_term_string"}}],"inLanguage":"en-GB"},{"@type":"Organization","@id":"https:\/\/www.eleavocat.eu\/#organization","name":"Elea Avocat","url":"https:\/\/www.eleavocat.eu\/","logo":{"@type":"ImageObject","inLanguage":"en-GB","@id":"https:\/\/www.eleavocat.eu\/#\/schema\/logo\/image\/","url":"https:\/\/www.eleavocat.eu\/wp-content\/uploads\/2023\/09\/cropped-ELEA-Logo-2021-260.jpg","contentUrl":"https:\/\/www.eleavocat.eu\/wp-content\/uploads\/2023\/09\/cropped-ELEA-Logo-2021-260.jpg","width":260,"height":260,"caption":"Elea Avocat"},"image":{"@id":"https:\/\/www.eleavocat.eu\/#\/schema\/logo\/image\/"},"sameAs":["https:\/\/www.facebook.com\/elea.avocat\/"]}]}},"_links":{"self":[{"href":"https:\/\/www.eleavocat.eu\/en\/wp-json\/wp\/v2\/pages\/3113","targetHints":{"allow":["GET"]}}],"collection":[{"href":"https:\/\/www.eleavocat.eu\/en\/wp-json\/wp\/v2\/pages"}],"about":[{"href":"https:\/\/www.eleavocat.eu\/en\/wp-json\/wp\/v2\/types\/page"}],"author":[{"embeddable":true,"href":"https:\/\/www.eleavocat.eu\/en\/wp-json\/wp\/v2\/users\/1"}],"replies":[{"embeddable":true,"href":"https:\/\/www.eleavocat.eu\/en\/wp-json\/wp\/v2\/comments?post=3113"}],"version-history":[{"count":0,"href":"https:\/\/www.eleavocat.eu\/en\/wp-json\/wp\/v2\/pages\/3113\/revisions"}],"wp:featuredmedia":[{"embeddable":true,"href":"https:\/\/www.eleavocat.eu\/en\/wp-json\/wp\/v2\/media\/3652"}],"wp:attachment":[{"href":"https:\/\/www.eleavocat.eu\/en\/wp-json\/wp\/v2\/media?parent=3113"}],"curies":[{"name":"wp","href":"https:\/\/api.w.org\/{rel}","templated":true}]}}