{"id":3102,"date":"2021-09-28T22:56:20","date_gmt":"2021-09-28T20:56:20","guid":{"rendered":"http:\/\/www.eleavocat.eu\/?page_id=3102"},"modified":"2025-09-09T17:08:48","modified_gmt":"2025-09-09T15:08:48","slug":"droit-de-lunion-europeenne-2","status":"publish","type":"page","link":"https:\/\/www.eleavocat.eu\/en\/droit-de-lunion-europeenne-2\/","title":{"rendered":"European Union law"},"content":{"rendered":"<div data-elementor-type=\"wp-page\" data-elementor-id=\"3102\" class=\"elementor elementor-3102\">\n\t\t\t\t\t\t<section class=\"elementor-section elementor-top-section elementor-element elementor-element-3c32703 elementor-section-boxed elementor-section-height-default elementor-section-height-default\" data-id=\"3c32703\" data-element_type=\"section\" data-e-type=\"section\">\n\t\t\t\t\t\t<div class=\"elementor-container elementor-column-gap-default\">\n\t\t\t\t\t<div class=\"elementor-column elementor-col-100 elementor-top-column elementor-element elementor-element-ba44528\" data-id=\"ba44528\" data-element_type=\"column\" data-e-type=\"column\">\n\t\t\t<div class=\"elementor-widget-wrap elementor-element-populated\">\n\t\t\t\t\t\t<div class=\"elementor-element elementor-element-2a85a92 elementor-position-top elementor-widget elementor-widget-image-box\" data-id=\"2a85a92\" data-element_type=\"widget\" data-e-type=\"widget\" data-widget_type=\"image-box.default\">\n\t\t\t\t<div class=\"elementor-widget-container\">\n\t\t\t\t\t<div class=\"elementor-image-box-wrapper\"><figure class=\"elementor-image-box-img\"><img fetchpriority=\"high\" decoding=\"async\" width=\"760\" height=\"506\" src=\"https:\/\/www.eleavocat.eu\/wp-content\/uploads\/2020\/01\/justice-ue-8d3dc1b3bf.jpg\" class=\"attachment-full size-full wp-image-2790\" alt=\"Droit de l&#039;Union europ\u00e9enne\" srcset=\"https:\/\/www.eleavocat.eu\/wp-content\/uploads\/2020\/01\/justice-ue-8d3dc1b3bf.jpg 760w, https:\/\/www.eleavocat.eu\/wp-content\/uploads\/2020\/01\/justice-ue-8d3dc1b3bf-300x200.jpg 300w\" sizes=\"(max-width: 760px) 100vw, 760px\" \/><\/figure><div class=\"elementor-image-box-content\"><p class=\"elementor-image-box-description\"><p align=\"center\"><span style=\"font-size:12.0pt;line-height:107%;,serif\">- European affairs (lobbying to EU and national institutions, Ombudsman, political relations\u2026)<\/span><\/p><p align=\"center\"><span style=\"font-size:12.0pt;line-height:107%;,serif\">- Freedom of movement of persons (visa, residence and work permits, family reunification, recognition of diplomas\u2026)<\/span><\/p><p align=\"center\"><span style=\"font-size:12.0pt;line-height:107%;,serif\">- Freedom of movement of goods and services (custom duties, contracts, quantitative restrictions, EU &amp; national standards\u2026)<\/span><\/p><p align=\"center\"><span style=\"font-size:12.0pt;line-height:107%;,serif\">- Bi-national divorce<\/span><\/p><p align=\"center\"><span style=\"font-size:12.0pt;line-height:107%;,serif\">- Competition law<\/span><\/p><p align=\"center\"><span style=\"font-size:12.0pt;line-height:107%;,serif\">- Proceedings before the Court of Justice of the European Union<\/span><\/p><p align=\"center\"><span style=\"font-size:12.0pt;line-height:107%;,serif\">- Proceedings relating to European funds<\/span><\/p><\/p><\/div><\/div>\t\t\t\t<\/div>\n\t\t\t\t<\/div>\n\t\t\t\t\t<\/div>\n\t\t<\/div>\n\t\t\t\t\t<\/div>\n\t\t<\/section>\n\t\t\t\t<\/div>","protected":false},"excerpt":{"rendered":"<p>- European affairs (lobbying European and national institutions, ombudsman, political relations, etc.) - Freedom of movement of persons (visas, residence and work permits, family reunification, recognition of ...<\/p>","protected":false},"author":1,"featured_media":2790,"parent":0,"menu_order":0,"comment_status":"closed","ping_status":"closed","template":"","meta":{"footnotes":""},"class_list":["post-3102","page","type-page","status-publish","has-post-thumbnail","hentry"],"yoast_head":"<!-- This site is optimized with the Yoast SEO plugin v27.4 - https:\/\/yoast.com\/product\/yoast-seo-wordpress\/ -->\n<title>Droit de l\u2019Union europ\u00e9enne - ELEA AVOCAT<\/title>\n<meta name=\"description\" content=\"Droit de l\u2019Union europ\u00e9enne. Affaires europ\u00e9ennes, libert\u00e9 de circulation des personnes, libert\u00e9 de circulation des biens et des services...\" \/>\n<meta name=\"robots\" content=\"index, follow, max-snippet:-1, max-image-preview:large, max-video-preview:-1\" \/>\n<link rel=\"canonical\" href=\"https:\/\/www.eleavocat.eu\/en\/droit-de-lunion-europeenne-2\/\" \/>\n<meta property=\"og:locale\" content=\"en_GB\" \/>\n<meta property=\"og:type\" content=\"article\" \/>\n<meta property=\"og:title\" content=\"Droit de l\u2019Union europ\u00e9enne - ELEA AVOCAT\" \/>\n<meta property=\"og:description\" content=\"Droit de l\u2019Union europ\u00e9enne. Affaires europ\u00e9ennes, libert\u00e9 de circulation des personnes, libert\u00e9 de circulation des biens et des services...\" \/>\n<meta property=\"og:url\" content=\"https:\/\/www.eleavocat.eu\/en\/droit-de-lunion-europeenne-2\/\" \/>\n<meta property=\"og:site_name\" content=\"ELEA AVOCAT\" \/>\n<meta property=\"article:publisher\" content=\"https:\/\/www.facebook.com\/elea.avocat\/\" \/>\n<meta property=\"article:modified_time\" content=\"2025-09-09T15:08:48+00:00\" \/>\n<meta property=\"og:image\" content=\"https:\/\/www.eleavocat.eu\/wp-content\/uploads\/2020\/01\/justice-ue-8d3dc1b3bf.jpg\" \/>\n\t<meta property=\"og:image:width\" content=\"760\" \/>\n\t<meta property=\"og:image:height\" content=\"506\" \/>\n\t<meta property=\"og:image:type\" content=\"image\/jpeg\" \/>\n<meta name=\"twitter:card\" content=\"summary_large_image\" \/>\n<meta name=\"twitter:label1\" content=\"Estimated reading time\" \/>\n\t<meta name=\"twitter:data1\" content=\"1 minute\" \/>\n<script type=\"application\/ld+json\" class=\"yoast-schema-graph\">{\"@context\":\"https:\\\/\\\/schema.org\",\"@graph\":[{\"@type\":\"WebPage\",\"@id\":\"https:\\\/\\\/www.eleavocat.eu\\\/droit-de-lunion-europeenne-2\\\/\",\"url\":\"https:\\\/\\\/www.eleavocat.eu\\\/droit-de-lunion-europeenne-2\\\/\",\"name\":\"Droit de l\u2019Union europ\u00e9enne - ELEA AVOCAT\",\"isPartOf\":{\"@id\":\"https:\\\/\\\/www.eleavocat.eu\\\/#website\"},\"primaryImageOfPage\":{\"@id\":\"https:\\\/\\\/www.eleavocat.eu\\\/droit-de-lunion-europeenne-2\\\/#primaryimage\"},\"image\":{\"@id\":\"https:\\\/\\\/www.eleavocat.eu\\\/droit-de-lunion-europeenne-2\\\/#primaryimage\"},\"thumbnailUrl\":\"https:\\\/\\\/www.eleavocat.eu\\\/wp-content\\\/uploads\\\/2020\\\/01\\\/justice-ue-8d3dc1b3bf.jpg\",\"datePublished\":\"2021-09-28T20:56:20+00:00\",\"dateModified\":\"2025-09-09T15:08:48+00:00\",\"description\":\"Droit de l\u2019Union europ\u00e9enne. Affaires europ\u00e9ennes, libert\u00e9 de circulation des personnes, libert\u00e9 de circulation des biens et des services...\",\"breadcrumb\":{\"@id\":\"https:\\\/\\\/www.eleavocat.eu\\\/droit-de-lunion-europeenne-2\\\/#breadcrumb\"},\"inLanguage\":\"en-GB\",\"potentialAction\":[{\"@type\":\"ReadAction\",\"target\":[\"https:\\\/\\\/www.eleavocat.eu\\\/droit-de-lunion-europeenne-2\\\/\"]}]},{\"@type\":\"ImageObject\",\"inLanguage\":\"en-GB\",\"@id\":\"https:\\\/\\\/www.eleavocat.eu\\\/droit-de-lunion-europeenne-2\\\/#primaryimage\",\"url\":\"https:\\\/\\\/www.eleavocat.eu\\\/wp-content\\\/uploads\\\/2020\\\/01\\\/justice-ue-8d3dc1b3bf.jpg\",\"contentUrl\":\"https:\\\/\\\/www.eleavocat.eu\\\/wp-content\\\/uploads\\\/2020\\\/01\\\/justice-ue-8d3dc1b3bf.jpg\",\"width\":760,\"height\":506,\"caption\":\"Droit de l'Union europ\u00e9enne\"},{\"@type\":\"BreadcrumbList\",\"@id\":\"https:\\\/\\\/www.eleavocat.eu\\\/droit-de-lunion-europeenne-2\\\/#breadcrumb\",\"itemListElement\":[{\"@type\":\"ListItem\",\"position\":1,\"name\":\"Accueil\",\"item\":\"https:\\\/\\\/www.eleavocat.eu\\\/\"},{\"@type\":\"ListItem\",\"position\":2,\"name\":\"Droit de l\u2019Union europ\u00e9enne\"}]},{\"@type\":\"WebSite\",\"@id\":\"https:\\\/\\\/www.eleavocat.eu\\\/#website\",\"url\":\"https:\\\/\\\/www.eleavocat.eu\\\/\",\"name\":\"Elea Avocat\",\"description\":\"European Legal Experts all over the world\",\"publisher\":{\"@id\":\"https:\\\/\\\/www.eleavocat.eu\\\/#organization\"},\"potentialAction\":[{\"@type\":\"SearchAction\",\"target\":{\"@type\":\"EntryPoint\",\"urlTemplate\":\"https:\\\/\\\/www.eleavocat.eu\\\/?s={search_term_string}\"},\"query-input\":{\"@type\":\"PropertyValueSpecification\",\"valueRequired\":true,\"valueName\":\"search_term_string\"}}],\"inLanguage\":\"en-GB\"},{\"@type\":\"Organization\",\"@id\":\"https:\\\/\\\/www.eleavocat.eu\\\/#organization\",\"name\":\"Elea Avocat\",\"url\":\"https:\\\/\\\/www.eleavocat.eu\\\/\",\"logo\":{\"@type\":\"ImageObject\",\"inLanguage\":\"en-GB\",\"@id\":\"https:\\\/\\\/www.eleavocat.eu\\\/#\\\/schema\\\/logo\\\/image\\\/\",\"url\":\"https:\\\/\\\/www.eleavocat.eu\\\/wp-content\\\/uploads\\\/2023\\\/09\\\/cropped-ELEA-Logo-2021-260.jpg\",\"contentUrl\":\"https:\\\/\\\/www.eleavocat.eu\\\/wp-content\\\/uploads\\\/2023\\\/09\\\/cropped-ELEA-Logo-2021-260.jpg\",\"width\":260,\"height\":260,\"caption\":\"Elea Avocat\"},\"image\":{\"@id\":\"https:\\\/\\\/www.eleavocat.eu\\\/#\\\/schema\\\/logo\\\/image\\\/\"},\"sameAs\":[\"https:\\\/\\\/www.facebook.com\\\/elea.avocat\\\/\"]}]}<\/script>\n<!-- \/ Yoast SEO plugin. -->","yoast_head_json":{"title":"Droit de l\u2019Union europ\u00e9enne - ELEA AVOCAT","description":"Droit de l\u2019Union europ\u00e9enne. Affaires europ\u00e9ennes, libert\u00e9 de circulation des personnes, libert\u00e9 de circulation des biens et des services...","robots":{"index":"index","follow":"follow","max-snippet":"max-snippet:-1","max-image-preview":"max-image-preview:large","max-video-preview":"max-video-preview:-1"},"canonical":"https:\/\/www.eleavocat.eu\/en\/droit-de-lunion-europeenne-2\/","og_locale":"en_GB","og_type":"article","og_title":"Droit de l\u2019Union europ\u00e9enne - ELEA AVOCAT","og_description":"Droit de l\u2019Union europ\u00e9enne. Affaires europ\u00e9ennes, libert\u00e9 de circulation des personnes, libert\u00e9 de circulation des biens et des services...","og_url":"https:\/\/www.eleavocat.eu\/en\/droit-de-lunion-europeenne-2\/","og_site_name":"ELEA AVOCAT","article_publisher":"https:\/\/www.facebook.com\/elea.avocat\/","article_modified_time":"2025-09-09T15:08:48+00:00","og_image":[{"width":760,"height":506,"url":"https:\/\/www.eleavocat.eu\/wp-content\/uploads\/2020\/01\/justice-ue-8d3dc1b3bf.jpg","type":"image\/jpeg"}],"twitter_card":"summary_large_image","twitter_misc":{"Estimated reading time":"1 minute"},"schema":{"@context":"https:\/\/schema.org","@graph":[{"@type":"WebPage","@id":"https:\/\/www.eleavocat.eu\/droit-de-lunion-europeenne-2\/","url":"https:\/\/www.eleavocat.eu\/droit-de-lunion-europeenne-2\/","name":"Droit de l\u2019Union europ\u00e9enne - ELEA AVOCAT","isPartOf":{"@id":"https:\/\/www.eleavocat.eu\/#website"},"primaryImageOfPage":{"@id":"https:\/\/www.eleavocat.eu\/droit-de-lunion-europeenne-2\/#primaryimage"},"image":{"@id":"https:\/\/www.eleavocat.eu\/droit-de-lunion-europeenne-2\/#primaryimage"},"thumbnailUrl":"https:\/\/www.eleavocat.eu\/wp-content\/uploads\/2020\/01\/justice-ue-8d3dc1b3bf.jpg","datePublished":"2021-09-28T20:56:20+00:00","dateModified":"2025-09-09T15:08:48+00:00","description":"Droit de l\u2019Union europ\u00e9enne. Affaires europ\u00e9ennes, libert\u00e9 de circulation des personnes, libert\u00e9 de circulation des biens et des services...","breadcrumb":{"@id":"https:\/\/www.eleavocat.eu\/droit-de-lunion-europeenne-2\/#breadcrumb"},"inLanguage":"en-GB","potentialAction":[{"@type":"ReadAction","target":["https:\/\/www.eleavocat.eu\/droit-de-lunion-europeenne-2\/"]}]},{"@type":"ImageObject","inLanguage":"en-GB","@id":"https:\/\/www.eleavocat.eu\/droit-de-lunion-europeenne-2\/#primaryimage","url":"https:\/\/www.eleavocat.eu\/wp-content\/uploads\/2020\/01\/justice-ue-8d3dc1b3bf.jpg","contentUrl":"https:\/\/www.eleavocat.eu\/wp-content\/uploads\/2020\/01\/justice-ue-8d3dc1b3bf.jpg","width":760,"height":506,"caption":"Droit de l'Union europ\u00e9enne"},{"@type":"BreadcrumbList","@id":"https:\/\/www.eleavocat.eu\/droit-de-lunion-europeenne-2\/#breadcrumb","itemListElement":[{"@type":"ListItem","position":1,"name":"Accueil","item":"https:\/\/www.eleavocat.eu\/"},{"@type":"ListItem","position":2,"name":"Droit de l\u2019Union europ\u00e9enne"}]},{"@type":"WebSite","@id":"https:\/\/www.eleavocat.eu\/#website","url":"https:\/\/www.eleavocat.eu\/","name":"Elea Avocat","description":"European Legal Experts all over the world","publisher":{"@id":"https:\/\/www.eleavocat.eu\/#organization"},"potentialAction":[{"@type":"SearchAction","target":{"@type":"EntryPoint","urlTemplate":"https:\/\/www.eleavocat.eu\/?s={search_term_string}"},"query-input":{"@type":"PropertyValueSpecification","valueRequired":true,"valueName":"search_term_string"}}],"inLanguage":"en-GB"},{"@type":"Organization","@id":"https:\/\/www.eleavocat.eu\/#organization","name":"Elea Avocat","url":"https:\/\/www.eleavocat.eu\/","logo":{"@type":"ImageObject","inLanguage":"en-GB","@id":"https:\/\/www.eleavocat.eu\/#\/schema\/logo\/image\/","url":"https:\/\/www.eleavocat.eu\/wp-content\/uploads\/2023\/09\/cropped-ELEA-Logo-2021-260.jpg","contentUrl":"https:\/\/www.eleavocat.eu\/wp-content\/uploads\/2023\/09\/cropped-ELEA-Logo-2021-260.jpg","width":260,"height":260,"caption":"Elea Avocat"},"image":{"@id":"https:\/\/www.eleavocat.eu\/#\/schema\/logo\/image\/"},"sameAs":["https:\/\/www.facebook.com\/elea.avocat\/"]}]}},"_links":{"self":[{"href":"https:\/\/www.eleavocat.eu\/en\/wp-json\/wp\/v2\/pages\/3102","targetHints":{"allow":["GET"]}}],"collection":[{"href":"https:\/\/www.eleavocat.eu\/en\/wp-json\/wp\/v2\/pages"}],"about":[{"href":"https:\/\/www.eleavocat.eu\/en\/wp-json\/wp\/v2\/types\/page"}],"author":[{"embeddable":true,"href":"https:\/\/www.eleavocat.eu\/en\/wp-json\/wp\/v2\/users\/1"}],"replies":[{"embeddable":true,"href":"https:\/\/www.eleavocat.eu\/en\/wp-json\/wp\/v2\/comments?post=3102"}],"version-history":[{"count":0,"href":"https:\/\/www.eleavocat.eu\/en\/wp-json\/wp\/v2\/pages\/3102\/revisions"}],"wp:featuredmedia":[{"embeddable":true,"href":"https:\/\/www.eleavocat.eu\/en\/wp-json\/wp\/v2\/media\/2790"}],"wp:attachment":[{"href":"https:\/\/www.eleavocat.eu\/en\/wp-json\/wp\/v2\/media?parent=3102"}],"curies":[{"name":"wp","href":"https:\/\/api.w.org\/{rel}","templated":true}]}}