{"id":3056,"date":"2021-09-28T18:07:14","date_gmt":"2021-09-28T16:07:14","guid":{"rendered":"http:\/\/www.eleavocat.eu\/?page_id=3056"},"modified":"2026-03-26T01:17:42","modified_gmt":"2026-03-26T00:17:42","slug":"ludovica-braga","status":"publish","type":"page","link":"https:\/\/www.eleavocat.eu\/en\/ludovica-braga\/","title":{"rendered":"Ludovica BRAGA"},"content":{"rendered":"<div data-elementor-type=\"wp-page\" data-elementor-id=\"3056\" class=\"elementor elementor-3056\">\n\t\t\t\t\t\t<section class=\"elementor-section elementor-top-section elementor-element elementor-element-6c11a7e elementor-section-boxed elementor-section-height-default elementor-section-height-default\" data-id=\"6c11a7e\" data-element_type=\"section\" data-e-type=\"section\">\n\t\t\t\t\t\t<div class=\"elementor-container elementor-column-gap-default\">\n\t\t\t\t\t<div class=\"elementor-column elementor-col-100 elementor-top-column elementor-element elementor-element-e7fef99\" data-id=\"e7fef99\" data-element_type=\"column\" data-e-type=\"column\">\n\t\t\t<div class=\"elementor-widget-wrap elementor-element-populated\">\n\t\t\t\t\t\t<div class=\"elementor-element elementor-element-e35cfd4 elementor-widget elementor-widget-text-editor\" data-id=\"e35cfd4\" data-element_type=\"widget\" data-e-type=\"widget\" data-widget_type=\"text-editor.default\">\n\t\t\t\t<div class=\"elementor-widget-container\">\n\t\t\t\t\t\t\t\t\t<p><span style=\"vertical-align: inherit;\"><span style=\"vertical-align: inherit;\">Email: contact@eleavocat.eu<\/span><\/span><\/p>\t\t\t\t\t\t\t\t<\/div>\n\t\t\t\t<\/div>\n\t\t\t\t\t<\/div>\n\t\t<\/div>\n\t\t\t\t\t<\/div>\n\t\t<\/section>\n\t\t\t\t<section class=\"elementor-section elementor-top-section elementor-element elementor-element-ca4e651 elementor-section-boxed elementor-section-height-default elementor-section-height-default\" data-id=\"ca4e651\" data-element_type=\"section\" data-e-type=\"section\">\n\t\t\t\t\t\t<div class=\"elementor-container elementor-column-gap-default\">\n\t\t\t\t\t<div class=\"elementor-column elementor-col-100 elementor-top-column elementor-element elementor-element-13cc678\" data-id=\"13cc678\" data-element_type=\"column\" data-e-type=\"column\">\n\t\t\t<div class=\"elementor-widget-wrap elementor-element-populated\">\n\t\t\t\t\t\t<div class=\"elementor-element elementor-element-9df35e8 elementor-widget elementor-widget-text-editor\" data-id=\"9df35e8\" data-element_type=\"widget\" data-e-type=\"widget\" data-widget_type=\"text-editor.default\">\n\t\t\t\t<div class=\"elementor-widget-container\">\n\t\t\t\t\t\t\t\t\t<p class=\"MsoNormal\"><strong><span lang=\"EN-US\" style=\"font-size: 13pt; line-height: 107%; font-family: Abel, serif; color: #993300; background-image: initial; background-position: initial; background-size: initial; background-repeat: initial; background-attachment: initial; background-origin: initial; background-clip: initial;\">Trainee - legal assistant at the firm<\/span><\/strong><\/p>\t\t\t\t\t\t\t\t<\/div>\n\t\t\t\t<\/div>\n\t\t\t\t\t<\/div>\n\t\t<\/div>\n\t\t\t\t\t<\/div>\n\t\t<\/section>\n\t\t\t\t<section class=\"elementor-section elementor-top-section elementor-element elementor-element-5747c02 elementor-section-boxed elementor-section-height-default elementor-section-height-default\" data-id=\"5747c02\" data-element_type=\"section\" data-e-type=\"section\">\n\t\t\t\t\t\t<div class=\"elementor-container elementor-column-gap-default\">\n\t\t\t\t\t<div class=\"elementor-column elementor-col-50 elementor-top-column elementor-element elementor-element-d66f3ac\" data-id=\"d66f3ac\" data-element_type=\"column\" data-e-type=\"column\">\n\t\t\t<div class=\"elementor-widget-wrap elementor-element-populated\">\n\t\t\t\t\t\t<div class=\"elementor-element elementor-element-814ae0e elementor-widget elementor-widget-image\" data-id=\"814ae0e\" data-element_type=\"widget\" data-e-type=\"widget\" data-widget_type=\"image.default\">\n\t\t\t\t<div class=\"elementor-widget-container\">\n\t\t\t\t\t\t\t\t\t\t\t\t\t\t\t<img fetchpriority=\"high\" decoding=\"async\" width=\"800\" height=\"534\" src=\"https:\/\/www.eleavocat.eu\/wp-content\/uploads\/2026\/03\/BRAGA-1024x683.jpg\" class=\"attachment-large size-large wp-image-3720\" alt=\"\" srcset=\"https:\/\/www.eleavocat.eu\/wp-content\/uploads\/2026\/03\/BRAGA-1024x683.jpg 1024w, https:\/\/www.eleavocat.eu\/wp-content\/uploads\/2026\/03\/BRAGA-300x200.jpg 300w, https:\/\/www.eleavocat.eu\/wp-content\/uploads\/2026\/03\/BRAGA-768x512.jpg 768w, https:\/\/www.eleavocat.eu\/wp-content\/uploads\/2026\/03\/BRAGA-1536x1024.jpg 1536w, https:\/\/www.eleavocat.eu\/wp-content\/uploads\/2026\/03\/BRAGA-2048x1365.jpg 2048w, https:\/\/www.eleavocat.eu\/wp-content\/uploads\/2026\/03\/BRAGA-18x12.jpg 18w\" sizes=\"(max-width: 800px) 100vw, 800px\" \/>\t\t\t\t\t\t\t\t\t\t\t\t\t\t\t<\/div>\n\t\t\t\t<\/div>\n\t\t\t\t\t<\/div>\n\t\t<\/div>\n\t\t\t\t<div class=\"elementor-column elementor-col-50 elementor-top-column elementor-element elementor-element-2611574\" data-id=\"2611574\" data-element_type=\"column\" data-e-type=\"column\">\n\t\t\t<div class=\"elementor-widget-wrap elementor-element-populated\">\n\t\t\t\t\t\t<div class=\"elementor-element elementor-element-ad7871b elementor-widget elementor-widget-text-editor\" data-id=\"ad7871b\" data-element_type=\"widget\" data-e-type=\"widget\" data-widget_type=\"text-editor.default\">\n\t\t\t\t<div class=\"elementor-widget-container\">\n\t\t\t\t\t\t\t\t\t<div><p>Ludovica Braga est dipl\u00f4m\u00e9e avec mention du double dipl\u00f4me d\u00e9livr\u00e9 par l\u2019Universit\u00e9 Panth\u00e9on-Assas et l\u2019Universit\u00e9 de Padoue.<\/p><p>Cette formation int\u00e9gr\u00e9e lui a permis d\u2019acqu\u00e9rir une solide culture juridique en droit europ\u00e9en et international, avec un int\u00e9r\u00eat marqu\u00e9 pour le droit des financements de l\u2019Union europ\u00e9enne.<\/p><p>Lors de son stage \u00e0 la Commission europ\u00e9enne, elle a travaill\u00e9 sur des dossiers relatifs aux emprunts, pr\u00eats et \u00e0 la gestion d\u2019actifs de l\u2019Union, contribuant notamment \u00e0 la mise en \u0153uvre de programmes majeurs tels que Next Generation EU.<\/p><p>Ses exp\u00e9riences en cabinets d\u2019avocats lui ont \u00e9galement permis de participer activement \u00e0 la pr\u00e9paration de dossiers contentieux, renfor\u00e7ant ainsi sa pratique professionnelle.<\/p><p>Elle ma\u00eetrise parfaitement le fran\u00e7ais et l\u2019anglais et est locutrice native italienne.\u00a0<\/p><\/div>\t\t\t\t\t\t\t\t<\/div>\n\t\t\t\t<\/div>\n\t\t\t\t\t<\/div>\n\t\t<\/div>\n\t\t\t\t\t<\/div>\n\t\t<\/section>\n\t\t\t\t<\/div>","protected":false},"excerpt":{"rendered":"<p>Email: contact@eleavocat.eu Stagiaire \u2013 assistante juridique au cabinet Ludovica Braga est dipl\u00f4m\u00e9e avec mention du double dipl\u00f4me d\u00e9livr\u00e9 par l\u2019Universit\u00e9 Panth\u00e9on-Assas et l\u2019Universit\u00e9 de Padoue. Cette formation int\u00e9gr\u00e9e lui a &#8230;<\/p>","protected":false},"author":1,"featured_media":3720,"parent":0,"menu_order":0,"comment_status":"closed","ping_status":"closed","template":"","meta":{"footnotes":""},"class_list":["post-3056","page","type-page","status-publish","has-post-thumbnail","hentry"],"yoast_head":"<!-- This site is optimized with the Yoast SEO plugin v27.6 - https:\/\/yoast.com\/product\/yoast-seo-wordpress\/ -->\n<title>Ludovica BRAGA - ELEA AVOCAT<\/title>\n<meta name=\"description\" content=\"Ludovica BRAGA. Assistante juridique. Ludovica BRAGA est titulaire d&#039;un double dipl\u00f4me franco-italien, sp\u00e9cialis\u00e9e en droit de l&#039;UE.\" \/>\n<meta name=\"robots\" content=\"index, follow, max-snippet:-1, max-image-preview:large, max-video-preview:-1\" \/>\n<link rel=\"canonical\" href=\"https:\/\/www.eleavocat.eu\/en\/ludovica-braga\/\" \/>\n<meta property=\"og:locale\" content=\"en_GB\" \/>\n<meta property=\"og:type\" content=\"article\" \/>\n<meta property=\"og:title\" content=\"Ludovica BRAGA - ELEA AVOCAT\" \/>\n<meta property=\"og:description\" content=\"Ludovica BRAGA. Assistante juridique. Ludovica BRAGA est titulaire d&#039;un double dipl\u00f4me franco-italien, sp\u00e9cialis\u00e9e en droit de l&#039;UE.\" \/>\n<meta property=\"og:url\" content=\"https:\/\/www.eleavocat.eu\/en\/ludovica-braga\/\" \/>\n<meta property=\"og:site_name\" content=\"ELEA AVOCAT\" \/>\n<meta property=\"article:publisher\" content=\"https:\/\/www.facebook.com\/elea.avocat\/\" \/>\n<meta property=\"article:modified_time\" content=\"2026-03-26T00:17:42+00:00\" \/>\n<meta property=\"og:image\" content=\"https:\/\/www.eleavocat.eu\/wp-content\/uploads\/2026\/03\/BRAGA-scaled.jpg\" \/>\n\t<meta property=\"og:image:width\" content=\"2560\" \/>\n\t<meta property=\"og:image:height\" content=\"1707\" \/>\n\t<meta property=\"og:image:type\" content=\"image\/jpeg\" \/>\n<meta name=\"twitter:card\" content=\"summary_large_image\" \/>\n<meta name=\"twitter:label1\" content=\"Estimated reading time\" \/>\n\t<meta name=\"twitter:data1\" content=\"2 minutes\" \/>\n<script type=\"application\/ld+json\" class=\"yoast-schema-graph\">{\"@context\":\"https:\\\/\\\/schema.org\",\"@graph\":[{\"@type\":\"WebPage\",\"@id\":\"https:\\\/\\\/www.eleavocat.eu\\\/ludovica-braga\\\/\",\"url\":\"https:\\\/\\\/www.eleavocat.eu\\\/ludovica-braga\\\/\",\"name\":\"Ludovica BRAGA - ELEA AVOCAT\",\"isPartOf\":{\"@id\":\"https:\\\/\\\/www.eleavocat.eu\\\/#website\"},\"primaryImageOfPage\":{\"@id\":\"https:\\\/\\\/www.eleavocat.eu\\\/ludovica-braga\\\/#primaryimage\"},\"image\":{\"@id\":\"https:\\\/\\\/www.eleavocat.eu\\\/ludovica-braga\\\/#primaryimage\"},\"thumbnailUrl\":\"https:\\\/\\\/www.eleavocat.eu\\\/wp-content\\\/uploads\\\/2026\\\/03\\\/BRAGA-scaled.jpg\",\"datePublished\":\"2021-09-28T16:07:14+00:00\",\"dateModified\":\"2026-03-26T00:17:42+00:00\",\"description\":\"Ludovica BRAGA. Assistante juridique. Ludovica BRAGA est titulaire d'un double dipl\u00f4me franco-italien, sp\u00e9cialis\u00e9e en droit de l'UE.\",\"breadcrumb\":{\"@id\":\"https:\\\/\\\/www.eleavocat.eu\\\/ludovica-braga\\\/#breadcrumb\"},\"inLanguage\":\"en-GB\",\"potentialAction\":[{\"@type\":\"ReadAction\",\"target\":[\"https:\\\/\\\/www.eleavocat.eu\\\/ludovica-braga\\\/\"]}]},{\"@type\":\"ImageObject\",\"inLanguage\":\"en-GB\",\"@id\":\"https:\\\/\\\/www.eleavocat.eu\\\/ludovica-braga\\\/#primaryimage\",\"url\":\"https:\\\/\\\/www.eleavocat.eu\\\/wp-content\\\/uploads\\\/2026\\\/03\\\/BRAGA-scaled.jpg\",\"contentUrl\":\"https:\\\/\\\/www.eleavocat.eu\\\/wp-content\\\/uploads\\\/2026\\\/03\\\/BRAGA-scaled.jpg\",\"width\":2560,\"height\":1707},{\"@type\":\"BreadcrumbList\",\"@id\":\"https:\\\/\\\/www.eleavocat.eu\\\/ludovica-braga\\\/#breadcrumb\",\"itemListElement\":[{\"@type\":\"ListItem\",\"position\":1,\"name\":\"Accueil\",\"item\":\"https:\\\/\\\/www.eleavocat.eu\\\/\"},{\"@type\":\"ListItem\",\"position\":2,\"name\":\"Ludovica BRAGA\"}]},{\"@type\":\"WebSite\",\"@id\":\"https:\\\/\\\/www.eleavocat.eu\\\/#website\",\"url\":\"https:\\\/\\\/www.eleavocat.eu\\\/\",\"name\":\"Elea Avocat\",\"description\":\"European Legal Experts all over the world\",\"publisher\":{\"@id\":\"https:\\\/\\\/www.eleavocat.eu\\\/#organization\"},\"potentialAction\":[{\"@type\":\"SearchAction\",\"target\":{\"@type\":\"EntryPoint\",\"urlTemplate\":\"https:\\\/\\\/www.eleavocat.eu\\\/?s={search_term_string}\"},\"query-input\":{\"@type\":\"PropertyValueSpecification\",\"valueRequired\":true,\"valueName\":\"search_term_string\"}}],\"inLanguage\":\"en-GB\"},{\"@type\":\"Organization\",\"@id\":\"https:\\\/\\\/www.eleavocat.eu\\\/#organization\",\"name\":\"Elea Avocat\",\"url\":\"https:\\\/\\\/www.eleavocat.eu\\\/\",\"logo\":{\"@type\":\"ImageObject\",\"inLanguage\":\"en-GB\",\"@id\":\"https:\\\/\\\/www.eleavocat.eu\\\/#\\\/schema\\\/logo\\\/image\\\/\",\"url\":\"https:\\\/\\\/www.eleavocat.eu\\\/wp-content\\\/uploads\\\/2023\\\/09\\\/cropped-ELEA-Logo-2021-260.jpg\",\"contentUrl\":\"https:\\\/\\\/www.eleavocat.eu\\\/wp-content\\\/uploads\\\/2023\\\/09\\\/cropped-ELEA-Logo-2021-260.jpg\",\"width\":260,\"height\":260,\"caption\":\"Elea Avocat\"},\"image\":{\"@id\":\"https:\\\/\\\/www.eleavocat.eu\\\/#\\\/schema\\\/logo\\\/image\\\/\"},\"sameAs\":[\"https:\\\/\\\/www.facebook.com\\\/elea.avocat\\\/\"]}]}<\/script>\n<!-- \/ Yoast SEO plugin. -->","yoast_head_json":{"title":"Ludovica BRAGA - ELEA AVOCAT","description":"Ludovica BRAGA. Assistante juridique. Ludovica BRAGA est titulaire d'un double dipl\u00f4me franco-italien, sp\u00e9cialis\u00e9e en droit de l'UE.","robots":{"index":"index","follow":"follow","max-snippet":"max-snippet:-1","max-image-preview":"max-image-preview:large","max-video-preview":"max-video-preview:-1"},"canonical":"https:\/\/www.eleavocat.eu\/en\/ludovica-braga\/","og_locale":"en_GB","og_type":"article","og_title":"Ludovica BRAGA - ELEA AVOCAT","og_description":"Ludovica BRAGA. Assistante juridique. Ludovica BRAGA est titulaire d'un double dipl\u00f4me franco-italien, sp\u00e9cialis\u00e9e en droit de l'UE.","og_url":"https:\/\/www.eleavocat.eu\/en\/ludovica-braga\/","og_site_name":"ELEA AVOCAT","article_publisher":"https:\/\/www.facebook.com\/elea.avocat\/","article_modified_time":"2026-03-26T00:17:42+00:00","og_image":[{"width":2560,"height":1707,"url":"https:\/\/www.eleavocat.eu\/wp-content\/uploads\/2026\/03\/BRAGA-scaled.jpg","type":"image\/jpeg"}],"twitter_card":"summary_large_image","twitter_misc":{"Estimated reading time":"2 minutes"},"schema":{"@context":"https:\/\/schema.org","@graph":[{"@type":"WebPage","@id":"https:\/\/www.eleavocat.eu\/ludovica-braga\/","url":"https:\/\/www.eleavocat.eu\/ludovica-braga\/","name":"Ludovica BRAGA - ELEA AVOCAT","isPartOf":{"@id":"https:\/\/www.eleavocat.eu\/#website"},"primaryImageOfPage":{"@id":"https:\/\/www.eleavocat.eu\/ludovica-braga\/#primaryimage"},"image":{"@id":"https:\/\/www.eleavocat.eu\/ludovica-braga\/#primaryimage"},"thumbnailUrl":"https:\/\/www.eleavocat.eu\/wp-content\/uploads\/2026\/03\/BRAGA-scaled.jpg","datePublished":"2021-09-28T16:07:14+00:00","dateModified":"2026-03-26T00:17:42+00:00","description":"Ludovica BRAGA. Assistante juridique. Ludovica BRAGA est titulaire d'un double dipl\u00f4me franco-italien, sp\u00e9cialis\u00e9e en droit de l'UE.","breadcrumb":{"@id":"https:\/\/www.eleavocat.eu\/ludovica-braga\/#breadcrumb"},"inLanguage":"en-GB","potentialAction":[{"@type":"ReadAction","target":["https:\/\/www.eleavocat.eu\/ludovica-braga\/"]}]},{"@type":"ImageObject","inLanguage":"en-GB","@id":"https:\/\/www.eleavocat.eu\/ludovica-braga\/#primaryimage","url":"https:\/\/www.eleavocat.eu\/wp-content\/uploads\/2026\/03\/BRAGA-scaled.jpg","contentUrl":"https:\/\/www.eleavocat.eu\/wp-content\/uploads\/2026\/03\/BRAGA-scaled.jpg","width":2560,"height":1707},{"@type":"BreadcrumbList","@id":"https:\/\/www.eleavocat.eu\/ludovica-braga\/#breadcrumb","itemListElement":[{"@type":"ListItem","position":1,"name":"Accueil","item":"https:\/\/www.eleavocat.eu\/"},{"@type":"ListItem","position":2,"name":"Ludovica BRAGA"}]},{"@type":"WebSite","@id":"https:\/\/www.eleavocat.eu\/#website","url":"https:\/\/www.eleavocat.eu\/","name":"Elea Avocat","description":"European Legal Experts all over the world","publisher":{"@id":"https:\/\/www.eleavocat.eu\/#organization"},"potentialAction":[{"@type":"SearchAction","target":{"@type":"EntryPoint","urlTemplate":"https:\/\/www.eleavocat.eu\/?s={search_term_string}"},"query-input":{"@type":"PropertyValueSpecification","valueRequired":true,"valueName":"search_term_string"}}],"inLanguage":"en-GB"},{"@type":"Organization","@id":"https:\/\/www.eleavocat.eu\/#organization","name":"Elea Avocat","url":"https:\/\/www.eleavocat.eu\/","logo":{"@type":"ImageObject","inLanguage":"en-GB","@id":"https:\/\/www.eleavocat.eu\/#\/schema\/logo\/image\/","url":"https:\/\/www.eleavocat.eu\/wp-content\/uploads\/2023\/09\/cropped-ELEA-Logo-2021-260.jpg","contentUrl":"https:\/\/www.eleavocat.eu\/wp-content\/uploads\/2023\/09\/cropped-ELEA-Logo-2021-260.jpg","width":260,"height":260,"caption":"Elea Avocat"},"image":{"@id":"https:\/\/www.eleavocat.eu\/#\/schema\/logo\/image\/"},"sameAs":["https:\/\/www.facebook.com\/elea.avocat\/"]}]}},"_links":{"self":[{"href":"https:\/\/www.eleavocat.eu\/en\/wp-json\/wp\/v2\/pages\/3056","targetHints":{"allow":["GET"]}}],"collection":[{"href":"https:\/\/www.eleavocat.eu\/en\/wp-json\/wp\/v2\/pages"}],"about":[{"href":"https:\/\/www.eleavocat.eu\/en\/wp-json\/wp\/v2\/types\/page"}],"author":[{"embeddable":true,"href":"https:\/\/www.eleavocat.eu\/en\/wp-json\/wp\/v2\/users\/1"}],"replies":[{"embeddable":true,"href":"https:\/\/www.eleavocat.eu\/en\/wp-json\/wp\/v2\/comments?post=3056"}],"version-history":[{"count":10,"href":"https:\/\/www.eleavocat.eu\/en\/wp-json\/wp\/v2\/pages\/3056\/revisions"}],"predecessor-version":[{"id":3731,"href":"https:\/\/www.eleavocat.eu\/en\/wp-json\/wp\/v2\/pages\/3056\/revisions\/3731"}],"wp:featuredmedia":[{"embeddable":true,"href":"https:\/\/www.eleavocat.eu\/en\/wp-json\/wp\/v2\/media\/3720"}],"wp:attachment":[{"href":"https:\/\/www.eleavocat.eu\/en\/wp-json\/wp\/v2\/media?parent=3056"}],"curies":[{"name":"wp","href":"https:\/\/api.w.org\/{rel}","templated":true}]}}