{"id":1590,"date":"2017-07-08T20:53:01","date_gmt":"2017-07-08T18:53:01","guid":{"rendered":"http:\/\/www.eleavocat.eu\/?page_id=1590"},"modified":"2025-09-09T16:52:12","modified_gmt":"2025-09-09T14:52:12","slug":"dignite-de-lavocat","status":"publish","type":"page","link":"https:\/\/www.eleavocat.eu\/en\/dignite-de-lavocat\/","title":{"rendered":"Dignit\u00e9 de l&rsquo;avocat"},"content":{"rendered":"<div data-elementor-type=\"wp-page\" data-elementor-id=\"1590\" class=\"elementor elementor-1590\">\n\t\t\t\t\t\t<section class=\"elementor-section elementor-top-section elementor-element elementor-element-2cb382e4 elementor-section-boxed elementor-section-height-default elementor-section-height-default\" data-id=\"2cb382e4\" data-element_type=\"section\" data-e-type=\"section\">\n\t\t\t\t\t\t<div class=\"elementor-container elementor-column-gap-default\">\n\t\t\t\t\t<div class=\"elementor-column elementor-col-100 elementor-top-column elementor-element elementor-element-53be5047\" data-id=\"53be5047\" data-element_type=\"column\" data-e-type=\"column\">\n\t\t\t<div class=\"elementor-widget-wrap elementor-element-populated\">\n\t\t\t\t\t\t<div class=\"elementor-element elementor-element-78d6a90f elementor-widget elementor-widget-text-editor\" data-id=\"78d6a90f\" data-element_type=\"widget\" data-e-type=\"widget\" data-widget_type=\"text-editor.default\">\n\t\t\t\t<div class=\"elementor-widget-container\">\n\t\t\t\t\t\t\t\t\t<p><span style=\"font-size: medium;\"><span style=\"font-size: medium;\">L\u2019avocat s\u2019engage \u00e0 traiter tout dossier avec dignit\u00e9, retenue, r\u00e9serve et respect d\u00fbs au client et \u00e0 ses proches, mais \u00e9galement \u00e0 l\u2019\u00e9gard de ses confr\u00e8res. Il ne peut notamment pas user du mensonge pour assurer une d\u00e9fense.<br><\/span><\/span><\/p>\n<p><img fetchpriority=\"high\" decoding=\"async\" class=\"size-medium wp-image-1428 aligncenter\" src=\"http:\/\/www.eleavocat.eu\/wp-content\/uploads\/2017\/07\/office-1566770_960_720-300x225.jpg\" alt=\"\" width=\"300\" height=\"225\" srcset=\"https:\/\/www.eleavocat.eu\/wp-content\/uploads\/2017\/07\/office-1566770_960_720-300x225.jpg 300w, https:\/\/www.eleavocat.eu\/wp-content\/uploads\/2017\/07\/office-1566770_960_720-768x576.jpg 768w, https:\/\/www.eleavocat.eu\/wp-content\/uploads\/2017\/07\/office-1566770_960_720.jpg 960w\" sizes=\"(max-width: 300px) 100vw, 300px\" \/><br>L\u2019avocat est inspir\u00e9 par la rigueur morale et professionnelle. Ainsi que l\u2019a rapport\u00e9 Platon, \u00ab&nbsp;Nul artisan ne se trompe. Celui qui se trompe, le fait quand sa conscience l\u2019abandonne, dans le moment o\u00f9 il n\u2019est plus artisan ; ainsi, artisan, sage ou gouvernant, personne ne se trompe dans l\u2019exercice m\u00eame de ces fonctions&nbsp;\u00bb (Platon, La R\u00e9publique).<\/p><p><br>L\u2019avocat reconna\u00eet l\u2019importance des int\u00e9r\u00eats qu\u2019il d\u00e9fend et poursuit la volont\u00e9 de travailler en bonne conscience. Par cons\u00e9quent, il reste libre de refuser un dossier qui irait \u00e0 son encontre.<\/p>\t\t\t\t\t\t\t\t<\/div>\n\t\t\t\t<\/div>\n\t\t\t\t\t<\/div>\n\t\t<\/div>\n\t\t\t\t\t<\/div>\n\t\t<\/section>\n\t\t\t\t<\/div>","protected":false},"excerpt":{"rendered":"<p>L\u2019avocat s\u2019engage \u00e0 traiter tout dossier avec dignit\u00e9, retenue, r\u00e9serve et respect d\u00fbs au client et \u00e0 ses proches, mais \u00e9galement \u00e0 l\u2019\u00e9gard de ses confr\u00e8res. Il ne peut notamment &#8230;<\/p>","protected":false},"author":1,"featured_media":1428,"parent":0,"menu_order":0,"comment_status":"closed","ping_status":"closed","template":"","meta":{"footnotes":""},"class_list":["post-1590","page","type-page","status-publish","has-post-thumbnail","hentry"],"yoast_head":"<!-- This site is optimized with the Yoast SEO plugin v27.4 - https:\/\/yoast.com\/product\/yoast-seo-wordpress\/ -->\n<title>Dignit\u00e9 de l&#039;avocat - ELEA AVOCAT<\/title>\n<meta name=\"description\" content=\"Dignit\u00e9 de l&#039;avocat. Le fondement d&#039;une profession au service de la justice et de la d\u00e9fense des droits. Un gage d&#039;int\u00e9grit\u00e9.\" \/>\n<meta name=\"robots\" content=\"index, follow, max-snippet:-1, max-image-preview:large, max-video-preview:-1\" \/>\n<link rel=\"canonical\" href=\"https:\/\/www.eleavocat.eu\/en\/dignite-de-lavocat\/\" \/>\n<meta property=\"og:locale\" content=\"en_GB\" \/>\n<meta property=\"og:type\" content=\"article\" \/>\n<meta property=\"og:title\" content=\"Dignit\u00e9 de l&#039;avocat - ELEA AVOCAT\" \/>\n<meta property=\"og:description\" content=\"Dignit\u00e9 de l&#039;avocat. Le fondement d&#039;une profession au service de la justice et de la d\u00e9fense des droits. Un gage d&#039;int\u00e9grit\u00e9.\" \/>\n<meta property=\"og:url\" content=\"https:\/\/www.eleavocat.eu\/en\/dignite-de-lavocat\/\" \/>\n<meta property=\"og:site_name\" content=\"ELEA AVOCAT\" \/>\n<meta property=\"article:publisher\" content=\"https:\/\/www.facebook.com\/elea.avocat\/\" \/>\n<meta property=\"article:modified_time\" content=\"2025-09-09T14:52:12+00:00\" \/>\n<meta property=\"og:image\" content=\"https:\/\/www.eleavocat.eu\/wp-content\/uploads\/2017\/07\/office-1566770_960_720.jpg\" \/>\n\t<meta property=\"og:image:width\" content=\"960\" \/>\n\t<meta property=\"og:image:height\" content=\"720\" \/>\n\t<meta property=\"og:image:type\" content=\"image\/jpeg\" \/>\n<meta name=\"twitter:card\" content=\"summary_large_image\" \/>\n<meta name=\"twitter:label1\" content=\"Estimated reading time\" \/>\n\t<meta name=\"twitter:data1\" content=\"2 minutes\" \/>\n<script type=\"application\/ld+json\" class=\"yoast-schema-graph\">{\"@context\":\"https:\\\/\\\/schema.org\",\"@graph\":[{\"@type\":\"WebPage\",\"@id\":\"https:\\\/\\\/www.eleavocat.eu\\\/dignite-de-lavocat\\\/\",\"url\":\"https:\\\/\\\/www.eleavocat.eu\\\/dignite-de-lavocat\\\/\",\"name\":\"Dignit\u00e9 de l'avocat - ELEA AVOCAT\",\"isPartOf\":{\"@id\":\"https:\\\/\\\/www.eleavocat.eu\\\/#website\"},\"primaryImageOfPage\":{\"@id\":\"https:\\\/\\\/www.eleavocat.eu\\\/dignite-de-lavocat\\\/#primaryimage\"},\"image\":{\"@id\":\"https:\\\/\\\/www.eleavocat.eu\\\/dignite-de-lavocat\\\/#primaryimage\"},\"thumbnailUrl\":\"https:\\\/\\\/www.eleavocat.eu\\\/wp-content\\\/uploads\\\/2017\\\/07\\\/office-1566770_960_720.jpg\",\"datePublished\":\"2017-07-08T18:53:01+00:00\",\"dateModified\":\"2025-09-09T14:52:12+00:00\",\"description\":\"Dignit\u00e9 de l'avocat. Le fondement d'une profession au service de la justice et de la d\u00e9fense des droits. Un gage d'int\u00e9grit\u00e9.\",\"breadcrumb\":{\"@id\":\"https:\\\/\\\/www.eleavocat.eu\\\/dignite-de-lavocat\\\/#breadcrumb\"},\"inLanguage\":\"en-GB\",\"potentialAction\":[{\"@type\":\"ReadAction\",\"target\":[\"https:\\\/\\\/www.eleavocat.eu\\\/dignite-de-lavocat\\\/\"]}]},{\"@type\":\"ImageObject\",\"inLanguage\":\"en-GB\",\"@id\":\"https:\\\/\\\/www.eleavocat.eu\\\/dignite-de-lavocat\\\/#primaryimage\",\"url\":\"https:\\\/\\\/www.eleavocat.eu\\\/wp-content\\\/uploads\\\/2017\\\/07\\\/office-1566770_960_720.jpg\",\"contentUrl\":\"https:\\\/\\\/www.eleavocat.eu\\\/wp-content\\\/uploads\\\/2017\\\/07\\\/office-1566770_960_720.jpg\",\"width\":960,\"height\":720,\"caption\":\"Dignit\u00e9 de l'avocat\"},{\"@type\":\"BreadcrumbList\",\"@id\":\"https:\\\/\\\/www.eleavocat.eu\\\/dignite-de-lavocat\\\/#breadcrumb\",\"itemListElement\":[{\"@type\":\"ListItem\",\"position\":1,\"name\":\"Accueil\",\"item\":\"https:\\\/\\\/www.eleavocat.eu\\\/\"},{\"@type\":\"ListItem\",\"position\":2,\"name\":\"Dignit\u00e9 de l&rsquo;avocat\"}]},{\"@type\":\"WebSite\",\"@id\":\"https:\\\/\\\/www.eleavocat.eu\\\/#website\",\"url\":\"https:\\\/\\\/www.eleavocat.eu\\\/\",\"name\":\"Elea Avocat\",\"description\":\"European Legal Experts all over the world\",\"publisher\":{\"@id\":\"https:\\\/\\\/www.eleavocat.eu\\\/#organization\"},\"potentialAction\":[{\"@type\":\"SearchAction\",\"target\":{\"@type\":\"EntryPoint\",\"urlTemplate\":\"https:\\\/\\\/www.eleavocat.eu\\\/?s={search_term_string}\"},\"query-input\":{\"@type\":\"PropertyValueSpecification\",\"valueRequired\":true,\"valueName\":\"search_term_string\"}}],\"inLanguage\":\"en-GB\"},{\"@type\":\"Organization\",\"@id\":\"https:\\\/\\\/www.eleavocat.eu\\\/#organization\",\"name\":\"Elea Avocat\",\"url\":\"https:\\\/\\\/www.eleavocat.eu\\\/\",\"logo\":{\"@type\":\"ImageObject\",\"inLanguage\":\"en-GB\",\"@id\":\"https:\\\/\\\/www.eleavocat.eu\\\/#\\\/schema\\\/logo\\\/image\\\/\",\"url\":\"https:\\\/\\\/www.eleavocat.eu\\\/wp-content\\\/uploads\\\/2023\\\/09\\\/cropped-ELEA-Logo-2021-260.jpg\",\"contentUrl\":\"https:\\\/\\\/www.eleavocat.eu\\\/wp-content\\\/uploads\\\/2023\\\/09\\\/cropped-ELEA-Logo-2021-260.jpg\",\"width\":260,\"height\":260,\"caption\":\"Elea Avocat\"},\"image\":{\"@id\":\"https:\\\/\\\/www.eleavocat.eu\\\/#\\\/schema\\\/logo\\\/image\\\/\"},\"sameAs\":[\"https:\\\/\\\/www.facebook.com\\\/elea.avocat\\\/\"]}]}<\/script>\n<!-- \/ Yoast SEO plugin. -->","yoast_head_json":{"title":"Dignit\u00e9 de l'avocat - ELEA AVOCAT","description":"Dignit\u00e9 de l'avocat. Le fondement d'une profession au service de la justice et de la d\u00e9fense des droits. Un gage d'int\u00e9grit\u00e9.","robots":{"index":"index","follow":"follow","max-snippet":"max-snippet:-1","max-image-preview":"max-image-preview:large","max-video-preview":"max-video-preview:-1"},"canonical":"https:\/\/www.eleavocat.eu\/en\/dignite-de-lavocat\/","og_locale":"en_GB","og_type":"article","og_title":"Dignit\u00e9 de l'avocat - ELEA AVOCAT","og_description":"Dignit\u00e9 de l'avocat. Le fondement d'une profession au service de la justice et de la d\u00e9fense des droits. Un gage d'int\u00e9grit\u00e9.","og_url":"https:\/\/www.eleavocat.eu\/en\/dignite-de-lavocat\/","og_site_name":"ELEA AVOCAT","article_publisher":"https:\/\/www.facebook.com\/elea.avocat\/","article_modified_time":"2025-09-09T14:52:12+00:00","og_image":[{"width":960,"height":720,"url":"https:\/\/www.eleavocat.eu\/wp-content\/uploads\/2017\/07\/office-1566770_960_720.jpg","type":"image\/jpeg"}],"twitter_card":"summary_large_image","twitter_misc":{"Estimated reading time":"2 minutes"},"schema":{"@context":"https:\/\/schema.org","@graph":[{"@type":"WebPage","@id":"https:\/\/www.eleavocat.eu\/dignite-de-lavocat\/","url":"https:\/\/www.eleavocat.eu\/dignite-de-lavocat\/","name":"Dignit\u00e9 de l'avocat - ELEA AVOCAT","isPartOf":{"@id":"https:\/\/www.eleavocat.eu\/#website"},"primaryImageOfPage":{"@id":"https:\/\/www.eleavocat.eu\/dignite-de-lavocat\/#primaryimage"},"image":{"@id":"https:\/\/www.eleavocat.eu\/dignite-de-lavocat\/#primaryimage"},"thumbnailUrl":"https:\/\/www.eleavocat.eu\/wp-content\/uploads\/2017\/07\/office-1566770_960_720.jpg","datePublished":"2017-07-08T18:53:01+00:00","dateModified":"2025-09-09T14:52:12+00:00","description":"Dignit\u00e9 de l'avocat. Le fondement d'une profession au service de la justice et de la d\u00e9fense des droits. Un gage d'int\u00e9grit\u00e9.","breadcrumb":{"@id":"https:\/\/www.eleavocat.eu\/dignite-de-lavocat\/#breadcrumb"},"inLanguage":"en-GB","potentialAction":[{"@type":"ReadAction","target":["https:\/\/www.eleavocat.eu\/dignite-de-lavocat\/"]}]},{"@type":"ImageObject","inLanguage":"en-GB","@id":"https:\/\/www.eleavocat.eu\/dignite-de-lavocat\/#primaryimage","url":"https:\/\/www.eleavocat.eu\/wp-content\/uploads\/2017\/07\/office-1566770_960_720.jpg","contentUrl":"https:\/\/www.eleavocat.eu\/wp-content\/uploads\/2017\/07\/office-1566770_960_720.jpg","width":960,"height":720,"caption":"Dignit\u00e9 de l'avocat"},{"@type":"BreadcrumbList","@id":"https:\/\/www.eleavocat.eu\/dignite-de-lavocat\/#breadcrumb","itemListElement":[{"@type":"ListItem","position":1,"name":"Accueil","item":"https:\/\/www.eleavocat.eu\/"},{"@type":"ListItem","position":2,"name":"Dignit\u00e9 de l&rsquo;avocat"}]},{"@type":"WebSite","@id":"https:\/\/www.eleavocat.eu\/#website","url":"https:\/\/www.eleavocat.eu\/","name":"Elea Avocat","description":"European Legal Experts all over the world","publisher":{"@id":"https:\/\/www.eleavocat.eu\/#organization"},"potentialAction":[{"@type":"SearchAction","target":{"@type":"EntryPoint","urlTemplate":"https:\/\/www.eleavocat.eu\/?s={search_term_string}"},"query-input":{"@type":"PropertyValueSpecification","valueRequired":true,"valueName":"search_term_string"}}],"inLanguage":"en-GB"},{"@type":"Organization","@id":"https:\/\/www.eleavocat.eu\/#organization","name":"Elea Avocat","url":"https:\/\/www.eleavocat.eu\/","logo":{"@type":"ImageObject","inLanguage":"en-GB","@id":"https:\/\/www.eleavocat.eu\/#\/schema\/logo\/image\/","url":"https:\/\/www.eleavocat.eu\/wp-content\/uploads\/2023\/09\/cropped-ELEA-Logo-2021-260.jpg","contentUrl":"https:\/\/www.eleavocat.eu\/wp-content\/uploads\/2023\/09\/cropped-ELEA-Logo-2021-260.jpg","width":260,"height":260,"caption":"Elea Avocat"},"image":{"@id":"https:\/\/www.eleavocat.eu\/#\/schema\/logo\/image\/"},"sameAs":["https:\/\/www.facebook.com\/elea.avocat\/"]}]}},"_links":{"self":[{"href":"https:\/\/www.eleavocat.eu\/en\/wp-json\/wp\/v2\/pages\/1590","targetHints":{"allow":["GET"]}}],"collection":[{"href":"https:\/\/www.eleavocat.eu\/en\/wp-json\/wp\/v2\/pages"}],"about":[{"href":"https:\/\/www.eleavocat.eu\/en\/wp-json\/wp\/v2\/types\/page"}],"author":[{"embeddable":true,"href":"https:\/\/www.eleavocat.eu\/en\/wp-json\/wp\/v2\/users\/1"}],"replies":[{"embeddable":true,"href":"https:\/\/www.eleavocat.eu\/en\/wp-json\/wp\/v2\/comments?post=1590"}],"version-history":[{"count":0,"href":"https:\/\/www.eleavocat.eu\/en\/wp-json\/wp\/v2\/pages\/1590\/revisions"}],"wp:featuredmedia":[{"embeddable":true,"href":"https:\/\/www.eleavocat.eu\/en\/wp-json\/wp\/v2\/media\/1428"}],"wp:attachment":[{"href":"https:\/\/www.eleavocat.eu\/en\/wp-json\/wp\/v2\/media?parent=1590"}],"curies":[{"name":"wp","href":"https:\/\/api.w.org\/{rel}","templated":true}]}}