{"id":1482,"date":"2017-07-08T17:27:03","date_gmt":"2017-07-08T15:27:03","guid":{"rendered":"http:\/\/www.eleavocat.eu\/?page_id=1482"},"modified":"2025-09-09T16:56:26","modified_gmt":"2025-09-09T14:56:26","slug":"aurelien-raccah","status":"publish","type":"page","link":"https:\/\/www.eleavocat.eu\/en\/aurelien-raccah\/","title":{"rendered":"Dr. Aur\u00e9lien RACCAH"},"content":{"rendered":"<div data-elementor-type=\"wp-page\" data-elementor-id=\"1482\" class=\"elementor elementor-1482\">\n\t\t\t\t\t\t<section class=\"elementor-section elementor-top-section elementor-element elementor-element-88ec09d elementor-section-boxed elementor-section-height-default elementor-section-height-default\" data-id=\"88ec09d\" data-element_type=\"section\" data-e-type=\"section\">\n\t\t\t\t\t\t<div class=\"elementor-container elementor-column-gap-default\">\n\t\t\t\t\t<div class=\"elementor-column elementor-col-100 elementor-top-column elementor-element elementor-element-4324eebe\" data-id=\"4324eebe\" data-element_type=\"column\" data-e-type=\"column\">\n\t\t\t<div class=\"elementor-widget-wrap elementor-element-populated\">\n\t\t\t\t\t\t<div class=\"elementor-element elementor-element-3c304fb1 elementor-widget elementor-widget-text-editor\" data-id=\"3c304fb1\" data-element_type=\"widget\" data-e-type=\"widget\" data-widget_type=\"text-editor.default\">\n\t\t\t\t<div class=\"elementor-widget-container\">\n\t\t\t\t\t\t\t\t\t<p><span style=\"font-size: medium;\"><span style=\"font-size: medium;\">&nbsp;<\/span><\/span><\/p>\n<p><span style=\"font-size: medium;\"><em><strong><img fetchpriority=\"high\" decoding=\"async\" class=\"alignnone size-medium wp-image-2997\" src=\"http:\/\/www.eleavocat.eu\/wp-content\/uploads\/2017\/07\/Aur\u00e9lien-B-W-2-286x300.jpg\" alt=\"\" width=\"286\" height=\"300\" srcset=\"https:\/\/www.eleavocat.eu\/wp-content\/uploads\/2017\/07\/Aur\u00e9lien-B-W-2-286x300.jpg 286w, https:\/\/www.eleavocat.eu\/wp-content\/uploads\/2017\/07\/Aur\u00e9lien-B-W-2-768x806.jpg 768w, https:\/\/www.eleavocat.eu\/wp-content\/uploads\/2017\/07\/Aur\u00e9lien-B-W-2-976x1024.jpg 976w\" sizes=\"(max-width: 286px) 100vw, 286px\" \/> Dr. Aur\u00e9lien RACCAH <\/strong><\/em><\/span><\/p>\n<p><span style=\"font-size: 0.875rem;\">Email : <\/span><a style=\"background-color: #ffffff; font-size: 0.875rem;\" href=\"mailto:aurelien.raccah@eleavocat.eu\">aurelien.raccah@eleavocat.eu<\/a><\/p>\n<p class=\"translation-block\"><span style=\"color: #8b080b\">Lawyer in <strong>Paris<\/strong> - <strong>France<\/strong><\/span><\/p>\n<p><span style=\"font-size: medium;\"><span style=\"color: #8b080b;\">Specialized in french law, and european and international law <strong>droits <\/strong><\/span><\/span><strong style=\"color: #8b080b; font-size: medium;\">fran\u00e7ais, europ\u00e9en et international<\/strong><\/p>\n<p><span style=\"font-size: medium;\"> <span style=\"color: #8b080b;\"><strong> Doctor in law at the European Law Institute (ELI)<\/strong> de l&rsquo;Institut universitaire europ\u00e9en (EUI)<\/span><br><span style=\"color: #8b080b;\"><strong> Ma\u00eetre de conf\u00e9rences<\/strong> et<strong>&nbsp;assessor<\/strong>&nbsp;\u00e0 la facult\u00e9 de droit, Universit\u00e9 catholique de Lille<\/span><br><span style=\"color: #8b080b;\"> Langues: <strong>fran\u00e7ais, anglais, allemand, italien, espagnol, roumain<\/strong><\/span><\/span><\/p>\n<p style=\"text-align: left;\">Aur\u00e9lien Raccah is <strong>member of the Paris Bar<\/strong>. Il conseille les entreprises, les autorit\u00e9s publiques, les centres de recherche, les ONG et les particuliers dans des dossiers de droit international et europ\u00e9en devant les juridictions nationales (TJ, CA, TA, CAA&#8230;) et europ\u00e9ennes (CJUE, CEDH).&nbsp;<\/p>\n<p style=\"text-align: left;\">A l&rsquo;Universit\u00e9 catholique de Lille, Aur\u00e9lien Raccah est&nbsp;<b>lecturer<\/b>,&nbsp;<strong>assessor&nbsp;<\/strong>in charge of<strong> d\u00e9veloppement international et europ\u00e9en<\/strong> \u00e0 la Facult\u00e9 de droit de l&rsquo;Universit\u00e9 catholique de Lille. Il y dirige un master in EU law &amp; litigation (MIEL). Il a cofond\u00e9<strong> l&rsquo;International and European Law School (IELS)&nbsp;<\/strong>et dirig\u00e9 pendant 15 ans la licence europ\u00e9enne.&nbsp;<\/p>\n<p style=\"text-align: left;\">Titulaire d&rsquo;un <strong>doctorat de l&rsquo;Institut universitaire europ\u00e9en de Florence<\/strong>, il a \u00e9crit une th\u00e8se sur \u00ab\u00a0l&rsquo;application directe du droit de l&rsquo;Union europ\u00e9enne par les entit\u00e9s d\u00e9centralis\u00e9es\u00a0\u00bb. Ma\u00eetre Raccah a \u00e9tudi\u00e9 le droit en France (Cergy-Pontoise, Paris 1 Panth\u00e9on-Sorbonne), en Allemagne (Humboldt Universit\u00e4t), au Royaume-Uni (University of Cambridge) et en Italie (European University Institute).<\/p>\n<p style=\"text-align: left;\" class=\"translation-block\">As a <strong>researcher<\/strong>, he <strong>specialises in European Union law<\/strong> and <strong>published numerous articles<\/strong> on EU law, administrative law, environmental law and social law.<\/p>\n<ul>\n<li style=\"text-align: left;\"><a href=\"http:\/\/www.editions-harmattan.fr\/index.asp?navig=catalogue&amp;obj=numero&amp;no_revue=&amp;no=36906\" target=\"_blank\" rel=\"noopener\"><i>Lisbon Treaty : new powers for the European Union?<\/i>, L\u2019Harmattan, 2012<\/a>&nbsp;;<\/li>\n<li style=\"text-align: left;\"><a href=\"http:\/\/www.springer.com\/in\/book\/9783319285955\" target=\"_blank\" rel=\"noopener\"><i>Legal Risks in EU Law<\/i>, Springer International, 2016<\/a>&nbsp;;<\/li>\n<li style=\"text-align: left;\"><a href=\"https:\/\/www.amazon.fr\/Radioactive-Management-International-European-Perspective\/dp\/9462366942\"><em>Radioactive Waste Management in International and European Legal Perspective<\/em>, 2016.<\/a><\/li>\n<\/ul>\n<p style=\"text-align: left;\">Ses recherches actuelles se concentrent sur les questions relatives au <a href=\"https:\/\/www.youtube.com\/watch?v=enIqfljBr0U\">Brexit<\/a> and legal proceedings before the Court of Justice of the European Union, following the example of the <a href=\"https:\/\/cadmus.eui.eu\/bitstream\/handle\/1814\/74983\/Fromage_2022_book.pdf?sequence=5&amp;isAllowed=y\">context in Poland<\/a>&nbsp;ou en Hongrie.<\/p>\n<p style=\"text-align: left;\"><a href=\"https:\/\/www.france24.com\/fr\/video\/20190522-negociations-le-brexit-travaillistes-rompent-discussions-may\">Brexit : Interview with Ma\u00eetre Aur\u00e9lien RACCAH<\/a><\/p>\n<p style=\"text-align: left;\" class=\"translation-block\">Aur\u00e9lien Raccah practised in <strong>August &amp; Debouzy law firm<\/strong>. He has also worked for the <strong>Council of State<\/strong>, the <strong>Committee of the Regions of the EU<\/strong>, as well as in an insurance company for local authorities (SMACL) and as legal editor for the newspaper Localtis.<\/p>\n<p><\/p>\n<p><\/p>\t\t\t\t\t\t\t\t<\/div>\n\t\t\t\t<\/div>\n\t\t\t\t\t<\/div>\n\t\t<\/div>\n\t\t\t\t\t<\/div>\n\t\t<\/section>\n\t\t\t\t<\/div>","protected":false},"excerpt":{"rendered":"<p>&nbsp; Dr. Aur\u00e9lien RACCAH Email : aurelien.raccah@eleavocat.eu Avocat \u00e0 Paris &#8211; France Sp\u00e9cialis\u00e9 en droits fran\u00e7ais, europ\u00e9en et international Docteur en droit de l&rsquo;Institut universitaire europ\u00e9en (EUI) Ma\u00eetre de conf\u00e9rences &#8230;<\/p>","protected":false},"author":1,"featured_media":2997,"parent":0,"menu_order":0,"comment_status":"closed","ping_status":"closed","template":"","meta":{"footnotes":""},"class_list":["post-1482","page","type-page","status-publish","has-post-thumbnail","hentry"],"yoast_head":"<!-- This site is optimized with the Yoast SEO plugin v27.4 - https:\/\/yoast.com\/product\/yoast-seo-wordpress\/ -->\n<title>Dr. Aur\u00e9lien RACCAH - ELEA AVOCAT<\/title>\n<meta name=\"description\" content=\"Dr. Aur\u00e9lien Raccah. Avocat \u00e0 Paris. Docteur en droit. Sp\u00e9cialis\u00e9 en droits fran\u00e7ais, europ\u00e9en et international.\" \/>\n<meta name=\"robots\" content=\"index, follow, max-snippet:-1, max-image-preview:large, max-video-preview:-1\" \/>\n<link rel=\"canonical\" href=\"https:\/\/www.eleavocat.eu\/en\/aurelien-raccah\/\" \/>\n<meta property=\"og:locale\" content=\"en_GB\" \/>\n<meta property=\"og:type\" content=\"article\" \/>\n<meta property=\"og:title\" content=\"Dr. Aur\u00e9lien RACCAH - ELEA AVOCAT\" \/>\n<meta property=\"og:description\" content=\"Dr. Aur\u00e9lien Raccah. Avocat \u00e0 Paris. Docteur en droit. Sp\u00e9cialis\u00e9 en droits fran\u00e7ais, europ\u00e9en et international.\" \/>\n<meta property=\"og:url\" content=\"https:\/\/www.eleavocat.eu\/en\/aurelien-raccah\/\" \/>\n<meta property=\"og:site_name\" content=\"ELEA AVOCAT\" \/>\n<meta property=\"article:publisher\" content=\"https:\/\/www.facebook.com\/elea.avocat\/\" \/>\n<meta property=\"article:modified_time\" content=\"2025-09-09T14:56:26+00:00\" \/>\n<meta property=\"og:image\" content=\"https:\/\/www.eleavocat.eu\/wp-content\/uploads\/2017\/07\/Aur\u00e9lien-B-W-2.jpg\" \/>\n\t<meta property=\"og:image:width\" content=\"2379\" \/>\n\t<meta property=\"og:image:height\" content=\"2496\" \/>\n\t<meta property=\"og:image:type\" content=\"image\/jpeg\" \/>\n<meta name=\"twitter:card\" content=\"summary_large_image\" \/>\n<meta name=\"twitter:label1\" content=\"Estimated reading time\" \/>\n\t<meta name=\"twitter:data1\" content=\"2 minutes\" \/>\n<script type=\"application\/ld+json\" class=\"yoast-schema-graph\">{\"@context\":\"https:\\\/\\\/schema.org\",\"@graph\":[{\"@type\":\"WebPage\",\"@id\":\"https:\\\/\\\/www.eleavocat.eu\\\/aurelien-raccah\\\/\",\"url\":\"https:\\\/\\\/www.eleavocat.eu\\\/aurelien-raccah\\\/\",\"name\":\"Dr. Aur\u00e9lien RACCAH - ELEA AVOCAT\",\"isPartOf\":{\"@id\":\"https:\\\/\\\/www.eleavocat.eu\\\/#website\"},\"primaryImageOfPage\":{\"@id\":\"https:\\\/\\\/www.eleavocat.eu\\\/aurelien-raccah\\\/#primaryimage\"},\"image\":{\"@id\":\"https:\\\/\\\/www.eleavocat.eu\\\/aurelien-raccah\\\/#primaryimage\"},\"thumbnailUrl\":\"https:\\\/\\\/www.eleavocat.eu\\\/wp-content\\\/uploads\\\/2017\\\/07\\\/Aur\u00e9lien-B-W-2.jpg\",\"datePublished\":\"2017-07-08T15:27:03+00:00\",\"dateModified\":\"2025-09-09T14:56:26+00:00\",\"description\":\"Dr. Aur\u00e9lien Raccah. Avocat \u00e0 Paris. Docteur en droit. Sp\u00e9cialis\u00e9 en droits fran\u00e7ais, europ\u00e9en et international.\",\"breadcrumb\":{\"@id\":\"https:\\\/\\\/www.eleavocat.eu\\\/aurelien-raccah\\\/#breadcrumb\"},\"inLanguage\":\"en-GB\",\"potentialAction\":[{\"@type\":\"ReadAction\",\"target\":[\"https:\\\/\\\/www.eleavocat.eu\\\/aurelien-raccah\\\/\"]}]},{\"@type\":\"ImageObject\",\"inLanguage\":\"en-GB\",\"@id\":\"https:\\\/\\\/www.eleavocat.eu\\\/aurelien-raccah\\\/#primaryimage\",\"url\":\"https:\\\/\\\/www.eleavocat.eu\\\/wp-content\\\/uploads\\\/2017\\\/07\\\/Aur\u00e9lien-B-W-2.jpg\",\"contentUrl\":\"https:\\\/\\\/www.eleavocat.eu\\\/wp-content\\\/uploads\\\/2017\\\/07\\\/Aur\u00e9lien-B-W-2.jpg\",\"width\":2379,\"height\":2496,\"caption\":\"Dr. Aur\u00e9lien Raccah\"},{\"@type\":\"BreadcrumbList\",\"@id\":\"https:\\\/\\\/www.eleavocat.eu\\\/aurelien-raccah\\\/#breadcrumb\",\"itemListElement\":[{\"@type\":\"ListItem\",\"position\":1,\"name\":\"Accueil\",\"item\":\"https:\\\/\\\/www.eleavocat.eu\\\/\"},{\"@type\":\"ListItem\",\"position\":2,\"name\":\"Dr. Aur\u00e9lien RACCAH\"}]},{\"@type\":\"WebSite\",\"@id\":\"https:\\\/\\\/www.eleavocat.eu\\\/#website\",\"url\":\"https:\\\/\\\/www.eleavocat.eu\\\/\",\"name\":\"Elea Avocat\",\"description\":\"European Legal Experts all over the world\",\"publisher\":{\"@id\":\"https:\\\/\\\/www.eleavocat.eu\\\/#organization\"},\"potentialAction\":[{\"@type\":\"SearchAction\",\"target\":{\"@type\":\"EntryPoint\",\"urlTemplate\":\"https:\\\/\\\/www.eleavocat.eu\\\/?s={search_term_string}\"},\"query-input\":{\"@type\":\"PropertyValueSpecification\",\"valueRequired\":true,\"valueName\":\"search_term_string\"}}],\"inLanguage\":\"en-GB\"},{\"@type\":\"Organization\",\"@id\":\"https:\\\/\\\/www.eleavocat.eu\\\/#organization\",\"name\":\"Elea Avocat\",\"url\":\"https:\\\/\\\/www.eleavocat.eu\\\/\",\"logo\":{\"@type\":\"ImageObject\",\"inLanguage\":\"en-GB\",\"@id\":\"https:\\\/\\\/www.eleavocat.eu\\\/#\\\/schema\\\/logo\\\/image\\\/\",\"url\":\"https:\\\/\\\/www.eleavocat.eu\\\/wp-content\\\/uploads\\\/2023\\\/09\\\/cropped-ELEA-Logo-2021-260.jpg\",\"contentUrl\":\"https:\\\/\\\/www.eleavocat.eu\\\/wp-content\\\/uploads\\\/2023\\\/09\\\/cropped-ELEA-Logo-2021-260.jpg\",\"width\":260,\"height\":260,\"caption\":\"Elea Avocat\"},\"image\":{\"@id\":\"https:\\\/\\\/www.eleavocat.eu\\\/#\\\/schema\\\/logo\\\/image\\\/\"},\"sameAs\":[\"https:\\\/\\\/www.facebook.com\\\/elea.avocat\\\/\"]}]}<\/script>\n<!-- \/ Yoast SEO plugin. -->","yoast_head_json":{"title":"Dr. Aur\u00e9lien RACCAH - ELEA AVOCAT","description":"Dr. Aur\u00e9lien Raccah. Avocat \u00e0 Paris. Docteur en droit. Sp\u00e9cialis\u00e9 en droits fran\u00e7ais, europ\u00e9en et international.","robots":{"index":"index","follow":"follow","max-snippet":"max-snippet:-1","max-image-preview":"max-image-preview:large","max-video-preview":"max-video-preview:-1"},"canonical":"https:\/\/www.eleavocat.eu\/en\/aurelien-raccah\/","og_locale":"en_GB","og_type":"article","og_title":"Dr. Aur\u00e9lien RACCAH - ELEA AVOCAT","og_description":"Dr. Aur\u00e9lien Raccah. Avocat \u00e0 Paris. Docteur en droit. Sp\u00e9cialis\u00e9 en droits fran\u00e7ais, europ\u00e9en et international.","og_url":"https:\/\/www.eleavocat.eu\/en\/aurelien-raccah\/","og_site_name":"ELEA AVOCAT","article_publisher":"https:\/\/www.facebook.com\/elea.avocat\/","article_modified_time":"2025-09-09T14:56:26+00:00","og_image":[{"width":2379,"height":2496,"url":"https:\/\/www.eleavocat.eu\/wp-content\/uploads\/2017\/07\/Aur\u00e9lien-B-W-2.jpg","type":"image\/jpeg"}],"twitter_card":"summary_large_image","twitter_misc":{"Estimated reading time":"2 minutes"},"schema":{"@context":"https:\/\/schema.org","@graph":[{"@type":"WebPage","@id":"https:\/\/www.eleavocat.eu\/aurelien-raccah\/","url":"https:\/\/www.eleavocat.eu\/aurelien-raccah\/","name":"Dr. Aur\u00e9lien RACCAH - ELEA AVOCAT","isPartOf":{"@id":"https:\/\/www.eleavocat.eu\/#website"},"primaryImageOfPage":{"@id":"https:\/\/www.eleavocat.eu\/aurelien-raccah\/#primaryimage"},"image":{"@id":"https:\/\/www.eleavocat.eu\/aurelien-raccah\/#primaryimage"},"thumbnailUrl":"https:\/\/www.eleavocat.eu\/wp-content\/uploads\/2017\/07\/Aur\u00e9lien-B-W-2.jpg","datePublished":"2017-07-08T15:27:03+00:00","dateModified":"2025-09-09T14:56:26+00:00","description":"Dr. Aur\u00e9lien Raccah. Avocat \u00e0 Paris. Docteur en droit. Sp\u00e9cialis\u00e9 en droits fran\u00e7ais, europ\u00e9en et international.","breadcrumb":{"@id":"https:\/\/www.eleavocat.eu\/aurelien-raccah\/#breadcrumb"},"inLanguage":"en-GB","potentialAction":[{"@type":"ReadAction","target":["https:\/\/www.eleavocat.eu\/aurelien-raccah\/"]}]},{"@type":"ImageObject","inLanguage":"en-GB","@id":"https:\/\/www.eleavocat.eu\/aurelien-raccah\/#primaryimage","url":"https:\/\/www.eleavocat.eu\/wp-content\/uploads\/2017\/07\/Aur\u00e9lien-B-W-2.jpg","contentUrl":"https:\/\/www.eleavocat.eu\/wp-content\/uploads\/2017\/07\/Aur\u00e9lien-B-W-2.jpg","width":2379,"height":2496,"caption":"Dr. Aur\u00e9lien Raccah"},{"@type":"BreadcrumbList","@id":"https:\/\/www.eleavocat.eu\/aurelien-raccah\/#breadcrumb","itemListElement":[{"@type":"ListItem","position":1,"name":"Accueil","item":"https:\/\/www.eleavocat.eu\/"},{"@type":"ListItem","position":2,"name":"Dr. Aur\u00e9lien RACCAH"}]},{"@type":"WebSite","@id":"https:\/\/www.eleavocat.eu\/#website","url":"https:\/\/www.eleavocat.eu\/","name":"Elea Avocat","description":"European Legal Experts all over the world","publisher":{"@id":"https:\/\/www.eleavocat.eu\/#organization"},"potentialAction":[{"@type":"SearchAction","target":{"@type":"EntryPoint","urlTemplate":"https:\/\/www.eleavocat.eu\/?s={search_term_string}"},"query-input":{"@type":"PropertyValueSpecification","valueRequired":true,"valueName":"search_term_string"}}],"inLanguage":"en-GB"},{"@type":"Organization","@id":"https:\/\/www.eleavocat.eu\/#organization","name":"Elea Avocat","url":"https:\/\/www.eleavocat.eu\/","logo":{"@type":"ImageObject","inLanguage":"en-GB","@id":"https:\/\/www.eleavocat.eu\/#\/schema\/logo\/image\/","url":"https:\/\/www.eleavocat.eu\/wp-content\/uploads\/2023\/09\/cropped-ELEA-Logo-2021-260.jpg","contentUrl":"https:\/\/www.eleavocat.eu\/wp-content\/uploads\/2023\/09\/cropped-ELEA-Logo-2021-260.jpg","width":260,"height":260,"caption":"Elea Avocat"},"image":{"@id":"https:\/\/www.eleavocat.eu\/#\/schema\/logo\/image\/"},"sameAs":["https:\/\/www.facebook.com\/elea.avocat\/"]}]}},"_links":{"self":[{"href":"https:\/\/www.eleavocat.eu\/en\/wp-json\/wp\/v2\/pages\/1482","targetHints":{"allow":["GET"]}}],"collection":[{"href":"https:\/\/www.eleavocat.eu\/en\/wp-json\/wp\/v2\/pages"}],"about":[{"href":"https:\/\/www.eleavocat.eu\/en\/wp-json\/wp\/v2\/types\/page"}],"author":[{"embeddable":true,"href":"https:\/\/www.eleavocat.eu\/en\/wp-json\/wp\/v2\/users\/1"}],"replies":[{"embeddable":true,"href":"https:\/\/www.eleavocat.eu\/en\/wp-json\/wp\/v2\/comments?post=1482"}],"version-history":[{"count":0,"href":"https:\/\/www.eleavocat.eu\/en\/wp-json\/wp\/v2\/pages\/1482\/revisions"}],"wp:featuredmedia":[{"embeddable":true,"href":"https:\/\/www.eleavocat.eu\/en\/wp-json\/wp\/v2\/media\/2997"}],"wp:attachment":[{"href":"https:\/\/www.eleavocat.eu\/en\/wp-json\/wp\/v2\/media?parent=1482"}],"curies":[{"name":"wp","href":"https:\/\/api.w.org\/{rel}","templated":true}]}}