{"id":1251,"date":"2016-02-12T07:54:41","date_gmt":"2016-02-12T07:54:41","guid":{"rendered":"http:\/\/demos.famethemes.com\/onepress\/?page_id=4"},"modified":"2025-09-18T23:03:25","modified_gmt":"2025-09-18T21:03:25","slug":"home-accueil-elea-avocat","status":"publish","type":"page","link":"https:\/\/www.eleavocat.eu\/en\/","title":{"rendered":"Home"},"content":{"rendered":"<p>ELEA AVOCAT est un cabinet d\u2019avocats ancr\u00e9 dans l\u2019ambition europ\u00e9enne. Il vise \u00e0 accompagner, conseiller, d\u00e9fendre les int\u00e9r\u00eats de clients confront\u00e9s \u00e0 l\u2019interpr\u00e9tation du droit de l\u2019Union europ\u00e9enne et du droit international.<\/p>\n\n\n\n<p>Familier des institutions et juridictions europ\u00e9ennes, le cabinet ELEA AVOCAT dispose d\u2019un r\u00e9seau international lui permettant d\u2019intervenir dans la plupart des Etats de l\u2019Union europ\u00e9enne.<\/p>\n\n\n\n<p>Que ce soit les particuliers concern\u00e9s par des litiges extraterritoriaux (divorces binationaux, successions internationales, contrats de travail dans un autre Etat, droit de la consommation\u2026), les personnes morales confront\u00e9s \u00e0 des \u00e9l\u00e9ments d\u2019extran\u00e9it\u00e9 au droit national (contrats commerciaux internationaux, d\u00e9veloppement des soci\u00e9t\u00e9s \u00e0 l\u2019\u00e9tranger\u2026), les institutions publiques ou centres de recherche (interpr\u00e9tation du droit europ\u00e9en et international, financements europ\u00e9ens\u2026), le cabinet ELEA AVOCAT est dot\u00e9 des comp\u00e9tences pour assurer la conformit\u00e9 des activit\u00e9s de ses clients aux normes europ\u00e9ennes et internationales et d\u00e9fendre leurs int\u00e9r\u00eats en justice.<\/p>","protected":false},"excerpt":{"rendered":"<p>ELEA AVOCAT est un cabinet d\u2019avocats ancr\u00e9 dans l\u2019ambition europ\u00e9enne. Il vise \u00e0 accompagner, conseiller, d\u00e9fendre les int\u00e9r\u00eats de clients confront\u00e9s \u00e0 l\u2019interpr\u00e9tation du droit de l\u2019Union europ\u00e9enne et du &#8230;<\/p>","protected":false},"author":1,"featured_media":3477,"parent":0,"menu_order":0,"comment_status":"closed","ping_status":"closed","template":"template-frontpage.php","meta":{"footnotes":""},"class_list":["post-1251","page","type-page","status-publish","has-post-thumbnail","hentry"],"yoast_head":"<!-- This site is optimized with the Yoast SEO plugin v27.4 - https:\/\/yoast.com\/product\/yoast-seo-wordpress\/ -->\n<title>Home - ELEA AVOCAT<\/title>\n<meta name=\"description\" content=\"Home - Cabinet d&#039;avocats sp\u00e9cialis\u00e9s en droit europ\u00e9en et international bas\u00e9 dans le 17\u00e8me arrondissement de Paris.\" \/>\n<meta name=\"robots\" content=\"index, follow, max-snippet:-1, max-image-preview:large, max-video-preview:-1\" \/>\n<link rel=\"canonical\" href=\"https:\/\/www.eleavocat.eu\/en\/\" \/>\n<meta property=\"og:locale\" content=\"en_GB\" \/>\n<meta property=\"og:type\" content=\"article\" \/>\n<meta property=\"og:title\" content=\"Home - ELEA AVOCAT\" \/>\n<meta property=\"og:description\" content=\"Home - Cabinet d&#039;avocats sp\u00e9cialis\u00e9s en droit europ\u00e9en et international bas\u00e9 dans le 17\u00e8me arrondissement de Paris.\" \/>\n<meta property=\"og:url\" content=\"https:\/\/www.eleavocat.eu\/en\/\" \/>\n<meta property=\"og:site_name\" content=\"ELEA AVOCAT\" \/>\n<meta property=\"article:publisher\" content=\"https:\/\/www.facebook.com\/elea.avocat\/\" \/>\n<meta property=\"article:modified_time\" content=\"2025-09-18T21:03:25+00:00\" \/>\n<meta property=\"og:image\" content=\"https:\/\/www.eleavocat.eu\/wp-content\/uploads\/2023\/08\/cropped-ELEA-Logo-2021-V2.jpg\" \/>\n\t<meta property=\"og:image:width\" content=\"512\" \/>\n\t<meta property=\"og:image:height\" content=\"512\" \/>\n\t<meta property=\"og:image:type\" content=\"image\/jpeg\" \/>\n<meta name=\"twitter:card\" content=\"summary_large_image\" \/>\n<meta name=\"twitter:label1\" content=\"Estimated reading time\" \/>\n\t<meta name=\"twitter:data1\" content=\"1 minute\" \/>\n<script type=\"application\/ld+json\" class=\"yoast-schema-graph\">{\"@context\":\"https:\\\/\\\/schema.org\",\"@graph\":[{\"@type\":\"WebPage\",\"@id\":\"https:\\\/\\\/www.eleavocat.eu\\\/\",\"url\":\"https:\\\/\\\/www.eleavocat.eu\\\/\",\"name\":\"Home - ELEA AVOCAT\",\"isPartOf\":{\"@id\":\"https:\\\/\\\/www.eleavocat.eu\\\/#website\"},\"primaryImageOfPage\":{\"@id\":\"https:\\\/\\\/www.eleavocat.eu\\\/#primaryimage\"},\"image\":{\"@id\":\"https:\\\/\\\/www.eleavocat.eu\\\/#primaryimage\"},\"thumbnailUrl\":\"https:\\\/\\\/www.eleavocat.eu\\\/wp-content\\\/uploads\\\/2023\\\/08\\\/cropped-ELEA-Logo-2021-V2.jpg\",\"datePublished\":\"2016-02-12T07:54:41+00:00\",\"dateModified\":\"2025-09-18T21:03:25+00:00\",\"description\":\"Home - Cabinet d'avocats sp\u00e9cialis\u00e9s en droit europ\u00e9en et international bas\u00e9 dans le 17\u00e8me arrondissement de Paris.\",\"breadcrumb\":{\"@id\":\"https:\\\/\\\/www.eleavocat.eu\\\/#breadcrumb\"},\"inLanguage\":\"en-GB\",\"potentialAction\":[{\"@type\":\"ReadAction\",\"target\":[\"https:\\\/\\\/www.eleavocat.eu\\\/\"]}]},{\"@type\":\"ImageObject\",\"inLanguage\":\"en-GB\",\"@id\":\"https:\\\/\\\/www.eleavocat.eu\\\/#primaryimage\",\"url\":\"https:\\\/\\\/www.eleavocat.eu\\\/wp-content\\\/uploads\\\/2023\\\/08\\\/cropped-ELEA-Logo-2021-V2.jpg\",\"contentUrl\":\"https:\\\/\\\/www.eleavocat.eu\\\/wp-content\\\/uploads\\\/2023\\\/08\\\/cropped-ELEA-Logo-2021-V2.jpg\",\"width\":512,\"height\":512,\"caption\":\"Home\"},{\"@type\":\"BreadcrumbList\",\"@id\":\"https:\\\/\\\/www.eleavocat.eu\\\/#breadcrumb\",\"itemListElement\":[{\"@type\":\"ListItem\",\"position\":1,\"name\":\"Accueil\",\"item\":\"https:\\\/\\\/www.eleavocat.eu\\\/\"},{\"@type\":\"ListItem\",\"position\":2,\"name\":\"Home\"}]},{\"@type\":\"WebSite\",\"@id\":\"https:\\\/\\\/www.eleavocat.eu\\\/#website\",\"url\":\"https:\\\/\\\/www.eleavocat.eu\\\/\",\"name\":\"Elea Avocat\",\"description\":\"European Legal Experts all over the world\",\"publisher\":{\"@id\":\"https:\\\/\\\/www.eleavocat.eu\\\/#organization\"},\"potentialAction\":[{\"@type\":\"SearchAction\",\"target\":{\"@type\":\"EntryPoint\",\"urlTemplate\":\"https:\\\/\\\/www.eleavocat.eu\\\/?s={search_term_string}\"},\"query-input\":{\"@type\":\"PropertyValueSpecification\",\"valueRequired\":true,\"valueName\":\"search_term_string\"}}],\"inLanguage\":\"en-GB\"},{\"@type\":\"Organization\",\"@id\":\"https:\\\/\\\/www.eleavocat.eu\\\/#organization\",\"name\":\"Elea Avocat\",\"url\":\"https:\\\/\\\/www.eleavocat.eu\\\/\",\"logo\":{\"@type\":\"ImageObject\",\"inLanguage\":\"en-GB\",\"@id\":\"https:\\\/\\\/www.eleavocat.eu\\\/#\\\/schema\\\/logo\\\/image\\\/\",\"url\":\"https:\\\/\\\/www.eleavocat.eu\\\/wp-content\\\/uploads\\\/2023\\\/09\\\/cropped-ELEA-Logo-2021-260.jpg\",\"contentUrl\":\"https:\\\/\\\/www.eleavocat.eu\\\/wp-content\\\/uploads\\\/2023\\\/09\\\/cropped-ELEA-Logo-2021-260.jpg\",\"width\":260,\"height\":260,\"caption\":\"Elea Avocat\"},\"image\":{\"@id\":\"https:\\\/\\\/www.eleavocat.eu\\\/#\\\/schema\\\/logo\\\/image\\\/\"},\"sameAs\":[\"https:\\\/\\\/www.facebook.com\\\/elea.avocat\\\/\"]}]}<\/script>\n<!-- \/ Yoast SEO plugin. -->","yoast_head_json":{"title":"Home - ELEA AVOCAT","description":"Home - Cabinet d'avocats sp\u00e9cialis\u00e9s en droit europ\u00e9en et international bas\u00e9 dans le 17\u00e8me arrondissement de Paris.","robots":{"index":"index","follow":"follow","max-snippet":"max-snippet:-1","max-image-preview":"max-image-preview:large","max-video-preview":"max-video-preview:-1"},"canonical":"https:\/\/www.eleavocat.eu\/en\/","og_locale":"en_GB","og_type":"article","og_title":"Home - ELEA AVOCAT","og_description":"Home - Cabinet d'avocats sp\u00e9cialis\u00e9s en droit europ\u00e9en et international bas\u00e9 dans le 17\u00e8me arrondissement de Paris.","og_url":"https:\/\/www.eleavocat.eu\/en\/","og_site_name":"ELEA AVOCAT","article_publisher":"https:\/\/www.facebook.com\/elea.avocat\/","article_modified_time":"2025-09-18T21:03:25+00:00","og_image":[{"width":512,"height":512,"url":"https:\/\/www.eleavocat.eu\/wp-content\/uploads\/2023\/08\/cropped-ELEA-Logo-2021-V2.jpg","type":"image\/jpeg"}],"twitter_card":"summary_large_image","twitter_misc":{"Estimated reading time":"1 minute"},"schema":{"@context":"https:\/\/schema.org","@graph":[{"@type":"WebPage","@id":"https:\/\/www.eleavocat.eu\/","url":"https:\/\/www.eleavocat.eu\/","name":"Home - ELEA AVOCAT","isPartOf":{"@id":"https:\/\/www.eleavocat.eu\/#website"},"primaryImageOfPage":{"@id":"https:\/\/www.eleavocat.eu\/#primaryimage"},"image":{"@id":"https:\/\/www.eleavocat.eu\/#primaryimage"},"thumbnailUrl":"https:\/\/www.eleavocat.eu\/wp-content\/uploads\/2023\/08\/cropped-ELEA-Logo-2021-V2.jpg","datePublished":"2016-02-12T07:54:41+00:00","dateModified":"2025-09-18T21:03:25+00:00","description":"Home - Cabinet d'avocats sp\u00e9cialis\u00e9s en droit europ\u00e9en et international bas\u00e9 dans le 17\u00e8me arrondissement de Paris.","breadcrumb":{"@id":"https:\/\/www.eleavocat.eu\/#breadcrumb"},"inLanguage":"en-GB","potentialAction":[{"@type":"ReadAction","target":["https:\/\/www.eleavocat.eu\/"]}]},{"@type":"ImageObject","inLanguage":"en-GB","@id":"https:\/\/www.eleavocat.eu\/#primaryimage","url":"https:\/\/www.eleavocat.eu\/wp-content\/uploads\/2023\/08\/cropped-ELEA-Logo-2021-V2.jpg","contentUrl":"https:\/\/www.eleavocat.eu\/wp-content\/uploads\/2023\/08\/cropped-ELEA-Logo-2021-V2.jpg","width":512,"height":512,"caption":"Home"},{"@type":"BreadcrumbList","@id":"https:\/\/www.eleavocat.eu\/#breadcrumb","itemListElement":[{"@type":"ListItem","position":1,"name":"Accueil","item":"https:\/\/www.eleavocat.eu\/"},{"@type":"ListItem","position":2,"name":"Home"}]},{"@type":"WebSite","@id":"https:\/\/www.eleavocat.eu\/#website","url":"https:\/\/www.eleavocat.eu\/","name":"Elea Avocat","description":"European Legal Experts all over the world","publisher":{"@id":"https:\/\/www.eleavocat.eu\/#organization"},"potentialAction":[{"@type":"SearchAction","target":{"@type":"EntryPoint","urlTemplate":"https:\/\/www.eleavocat.eu\/?s={search_term_string}"},"query-input":{"@type":"PropertyValueSpecification","valueRequired":true,"valueName":"search_term_string"}}],"inLanguage":"en-GB"},{"@type":"Organization","@id":"https:\/\/www.eleavocat.eu\/#organization","name":"Elea Avocat","url":"https:\/\/www.eleavocat.eu\/","logo":{"@type":"ImageObject","inLanguage":"en-GB","@id":"https:\/\/www.eleavocat.eu\/#\/schema\/logo\/image\/","url":"https:\/\/www.eleavocat.eu\/wp-content\/uploads\/2023\/09\/cropped-ELEA-Logo-2021-260.jpg","contentUrl":"https:\/\/www.eleavocat.eu\/wp-content\/uploads\/2023\/09\/cropped-ELEA-Logo-2021-260.jpg","width":260,"height":260,"caption":"Elea Avocat"},"image":{"@id":"https:\/\/www.eleavocat.eu\/#\/schema\/logo\/image\/"},"sameAs":["https:\/\/www.facebook.com\/elea.avocat\/"]}]}},"_links":{"self":[{"href":"https:\/\/www.eleavocat.eu\/en\/wp-json\/wp\/v2\/pages\/1251","targetHints":{"allow":["GET"]}}],"collection":[{"href":"https:\/\/www.eleavocat.eu\/en\/wp-json\/wp\/v2\/pages"}],"about":[{"href":"https:\/\/www.eleavocat.eu\/en\/wp-json\/wp\/v2\/types\/page"}],"author":[{"embeddable":true,"href":"https:\/\/www.eleavocat.eu\/en\/wp-json\/wp\/v2\/users\/1"}],"replies":[{"embeddable":true,"href":"https:\/\/www.eleavocat.eu\/en\/wp-json\/wp\/v2\/comments?post=1251"}],"version-history":[{"count":3,"href":"https:\/\/www.eleavocat.eu\/en\/wp-json\/wp\/v2\/pages\/1251\/revisions"}],"predecessor-version":[{"id":3684,"href":"https:\/\/www.eleavocat.eu\/en\/wp-json\/wp\/v2\/pages\/1251\/revisions\/3684"}],"wp:featuredmedia":[{"embeddable":true,"href":"https:\/\/www.eleavocat.eu\/en\/wp-json\/wp\/v2\/media\/3477"}],"wp:attachment":[{"href":"https:\/\/www.eleavocat.eu\/en\/wp-json\/wp\/v2\/media?parent=1251"}],"curies":[{"name":"wp","href":"https:\/\/api.w.org\/{rel}","templated":true}]}}